{"id":6420,"date":"2022-05-11T00:00:00","date_gmt":"2022-05-11T04:00:00","guid":{"rendered":"https:\/\/aiacanada.com\/product\/rapport-du-comite-des-nominations-de-2022\/"},"modified":"2023-01-18T15:45:55","modified_gmt":"2023-01-18T20:45:55","slug":"rapport-du-comite-des-nominations-de-2022","status":"publish","type":"product","link":"https:\/\/www.aiacanada.com\/fr\/produit\/rapport-du-comite-des-nominations-de-2022\/","title":{"rendered":"Rapport du Comit\u00e9 des nominations de 2022"},"content":{"rendered":"<p>Le rapport du Comit\u00e9 des nominations pr\u00e9sente les membres propos\u00e9s pour pourvoir les postes vacants au sein du conseil d\u2019administration. Le rapport de 2022 pr\u00e9sente des biographies pour les nouveaux membres du conseil d\u2019administration, soit Pamela Lee, Joey Miceli et James Channer. D\u2019autres changements au sein du conseil d\u2019administration sont \u00e9galement pr\u00e9sent\u00e9s.<\/p>\n<p>T\u00e9l\u00e9chargez le rapport pour en savoir plus sur le conseil d\u2019administration 2022-2023 de l\u2019AIA Canada.<\/p>\n","protected":false},"excerpt":{"rendered":"<p>Le rapport du Comit\u00e9 des nominations pr\u00e9sente les membres propos\u00e9s pour pourvoir les postes vacants au sein du conseil d\u2019administration. Le rapport de 2022 pr\u00e9sente des biographies pour les nouveaux membres du conseil d\u2019administration, soit Pamela Lee, Joey Miceli et James Channer. D\u2019autres changements au sein du conseil d\u2019administration sont \u00e9galement pr\u00e9sent\u00e9s. T\u00e9l\u00e9chargez le rapport [&hellip;]<\/p>\n","protected":false},"featured_media":7087,"template":"","meta":{"_acf_changed":false},"product_brand":[],"product_cat":[104],"product_tag":[],"class_list":{"0":"post-6420","1":"product","2":"type-product","3":"status-publish","4":"has-post-thumbnail","6":"product_cat-rapports-organisationnels","8":"first","9":"instock","10":"downloadable","11":"virtual","12":"sold-individually","13":"taxable","14":"purchasable","15":"product-type-simple"},"acf":[],"aioseo_notices":[],"wpml_current_locale":"fr_CA","wpml_translations":[],"_links":{"self":[{"href":"https:\/\/www.aiacanada.com\/fr\/wp-json\/wp\/v2\/product\/6420","targetHints":{"allow":["GET"]}}],"collection":[{"href":"https:\/\/www.aiacanada.com\/fr\/wp-json\/wp\/v2\/product"}],"about":[{"href":"https:\/\/www.aiacanada.com\/fr\/wp-json\/wp\/v2\/types\/product"}],"wp:featuredmedia":[{"embeddable":true,"href":"https:\/\/www.aiacanada.com\/fr\/wp-json\/wp\/v2\/media\/7087"}],"wp:attachment":[{"href":"https:\/\/www.aiacanada.com\/fr\/wp-json\/wp\/v2\/media?parent=6420"}],"wp:term":[{"taxonomy":"product_brand","embeddable":true,"href":"https:\/\/www.aiacanada.com\/fr\/wp-json\/wp\/v2\/product_brand?post=6420"},{"taxonomy":"product_cat","embeddable":true,"href":"https:\/\/www.aiacanada.com\/fr\/wp-json\/wp\/v2\/product_cat?post=6420"},{"taxonomy":"product_tag","embeddable":true,"href":"https:\/\/www.aiacanada.com\/fr\/wp-json\/wp\/v2\/product_tag?post=6420"}],"curies":[{"name":"wp","href":"https:\/\/api.w.org\/{rel}","templated":true}]}}