{"id":6421,"date":"2020-11-23T00:00:00","date_gmt":"2020-11-23T05:00:00","guid":{"rendered":"https:\/\/aiacanada.com\/product\/declaration-relative-a-lavis-aux-consommateurs\/"},"modified":"2023-01-18T15:46:07","modified_gmt":"2023-01-18T20:46:07","slug":"declaration-relative-a-lavis-aux-consommateurs","status":"publish","type":"product","link":"https:\/\/www.aiacanada.com\/fr\/produit\/declaration-relative-a-lavis-aux-consommateurs\/","title":{"rendered":"D\u00e9claration relative \u00e0 l\u2019Avis aux consommateurs"},"content":{"rendered":"<p>Les consommateurs canadiens ont le droit d\u2019apporter leur v\u00e9hicule chez le professionnel de l\u2019entretien automobile de leur choix. Assurez-vous que vos clients comprennent que la garantie de leur v\u00e9hicule n\u2019est pas affect\u00e9e lorsque le service et l\u2019entretien r\u00e9guliers sont effectu\u00e9s dans un atelier ind\u00e9pendant. L\u2019Avis aux consommateurs informe vos clients de leur droit de choisir l\u2019endroit o\u00f9 ils font entretenir leur v\u00e9hicule.<\/p>\n<p>T\u00e9l\u00e9chargez votre copie pour l\u2019afficher.<\/p>\n","protected":false},"excerpt":{"rendered":"<p>Les consommateurs canadiens ont le droit d\u2019apporter leur v\u00e9hicule chez le professionnel de l\u2019entretien automobile de leur choix. Assurez-vous que vos clients comprennent que la garantie de leur v\u00e9hicule n\u2019est pas affect\u00e9e lorsque le service et l\u2019entretien r\u00e9guliers sont effectu\u00e9s dans un atelier ind\u00e9pendant. L\u2019Avis aux consommateurs informe vos clients de leur droit de choisir [&hellip;]<\/p>\n","protected":false},"featured_media":14005,"template":"","meta":{"_acf_changed":false},"product_brand":[],"product_cat":[103],"product_tag":[],"class_list":{"0":"post-6421","1":"product","2":"type-product","3":"status-publish","4":"has-post-thumbnail","6":"product_cat-outils-de-lindustrie","8":"first","9":"instock","10":"downloadable","11":"virtual","12":"sold-individually","13":"taxable","14":"purchasable","15":"product-type-simple"},"acf":[],"aioseo_notices":[],"wpml_current_locale":"fr_CA","wpml_translations":[],"_links":{"self":[{"href":"https:\/\/www.aiacanada.com\/fr\/wp-json\/wp\/v2\/product\/6421","targetHints":{"allow":["GET"]}}],"collection":[{"href":"https:\/\/www.aiacanada.com\/fr\/wp-json\/wp\/v2\/product"}],"about":[{"href":"https:\/\/www.aiacanada.com\/fr\/wp-json\/wp\/v2\/types\/product"}],"wp:featuredmedia":[{"embeddable":true,"href":"https:\/\/www.aiacanada.com\/fr\/wp-json\/wp\/v2\/media\/14005"}],"wp:attachment":[{"href":"https:\/\/www.aiacanada.com\/fr\/wp-json\/wp\/v2\/media?parent=6421"}],"wp:term":[{"taxonomy":"product_brand","embeddable":true,"href":"https:\/\/www.aiacanada.com\/fr\/wp-json\/wp\/v2\/product_brand?post=6421"},{"taxonomy":"product_cat","embeddable":true,"href":"https:\/\/www.aiacanada.com\/fr\/wp-json\/wp\/v2\/product_cat?post=6421"},{"taxonomy":"product_tag","embeddable":true,"href":"https:\/\/www.aiacanada.com\/fr\/wp-json\/wp\/v2\/product_tag?post=6421"}],"curies":[{"name":"wp","href":"https:\/\/api.w.org\/{rel}","templated":true}]}}