{"id":6422,"date":"2021-04-27T00:00:00","date_gmt":"2021-04-27T04:00:00","guid":{"rendered":"https:\/\/aiacanada.com\/product\/etats-financiers-2020\/"},"modified":"2023-01-18T15:46:07","modified_gmt":"2023-01-18T20:46:07","slug":"etats-financiers-2020","status":"publish","type":"product","link":"https:\/\/www.aiacanada.com\/fr\/produit\/etats-financiers-2020\/","title":{"rendered":"\u00c9tats financiers 2020"},"content":{"rendered":"<p>Les \u00c9tats financiers 2020 de l\u2019AIA Canada ont \u00e9t\u00e9 pr\u00e9par\u00e9s \u00e0 la suite d\u2019un audit effectu\u00e9 par BDO Canada. Ils pr\u00e9sentent une comptabilit\u00e9 compl\u00e8te de la situation financi\u00e8re de l\u2019Association \u00e0 la fin de son exercice financier, le 31 d\u00e9cembre 2020.<\/p>\n","protected":false},"excerpt":{"rendered":"<p>Les \u00c9tats financiers 2020 de l\u2019AIA Canada ont \u00e9t\u00e9 pr\u00e9par\u00e9s \u00e0 la suite d\u2019un audit effectu\u00e9 par BDO Canada. Ils pr\u00e9sentent une comptabilit\u00e9 compl\u00e8te de la situation financi\u00e8re de l\u2019Association \u00e0 la fin de son exercice financier, le 31 d\u00e9cembre 2020.<\/p>\n","protected":false},"featured_media":7095,"template":"","meta":{"_acf_changed":false},"product_brand":[],"product_cat":[104],"product_tag":[],"class_list":{"0":"post-6422","1":"product","2":"type-product","3":"status-publish","4":"has-post-thumbnail","6":"product_cat-rapports-organisationnels","8":"first","9":"instock","10":"downloadable","11":"virtual","12":"sold-individually","13":"taxable","14":"product-type-simple"},"acf":[],"aioseo_notices":[],"wpml_current_locale":"fr_CA","wpml_translations":[],"_links":{"self":[{"href":"https:\/\/www.aiacanada.com\/fr\/wp-json\/wp\/v2\/product\/6422","targetHints":{"allow":["GET"]}}],"collection":[{"href":"https:\/\/www.aiacanada.com\/fr\/wp-json\/wp\/v2\/product"}],"about":[{"href":"https:\/\/www.aiacanada.com\/fr\/wp-json\/wp\/v2\/types\/product"}],"wp:featuredmedia":[{"embeddable":true,"href":"https:\/\/www.aiacanada.com\/fr\/wp-json\/wp\/v2\/media\/7095"}],"wp:attachment":[{"href":"https:\/\/www.aiacanada.com\/fr\/wp-json\/wp\/v2\/media?parent=6422"}],"wp:term":[{"taxonomy":"product_brand","embeddable":true,"href":"https:\/\/www.aiacanada.com\/fr\/wp-json\/wp\/v2\/product_brand?post=6422"},{"taxonomy":"product_cat","embeddable":true,"href":"https:\/\/www.aiacanada.com\/fr\/wp-json\/wp\/v2\/product_cat?post=6422"},{"taxonomy":"product_tag","embeddable":true,"href":"https:\/\/www.aiacanada.com\/fr\/wp-json\/wp\/v2\/product_tag?post=6422"}],"curies":[{"name":"wp","href":"https:\/\/api.w.org\/{rel}","templated":true}]}}