{"id":6423,"date":"2020-04-29T00:00:00","date_gmt":"2020-04-29T04:00:00","guid":{"rendered":"https:\/\/aiacanada.com\/product\/etats-financiers-2019\/"},"modified":"2023-01-18T15:46:14","modified_gmt":"2023-01-18T20:46:14","slug":"etats-financiers-2019","status":"publish","type":"product","link":"https:\/\/www.aiacanada.com\/fr\/produit\/etats-financiers-2019\/","title":{"rendered":"\u00c9tats financiers 2019"},"content":{"rendered":"<p>Les \u00e9tats financiers 2019 de l\u2019AIA Canada pr\u00e9sentent une comptabilit\u00e9 compl\u00e8te de la situation financi\u00e8re de l\u2019Association \u00e0 la fin de son exercice financier, le 31 d\u00e9cembre 2019. Le rapport d\u2019audit a \u00e9t\u00e9 r\u00e9alis\u00e9 et pr\u00e9par\u00e9 par BDO Canada.<\/p>\n<p>T\u00e9l\u00e9chargez le rapport d\u00e8s aujourd\u2019hui.<\/p>\n","protected":false},"excerpt":{"rendered":"<p>Les \u00e9tats financiers 2019 de l\u2019AIA Canada pr\u00e9sentent une comptabilit\u00e9 compl\u00e8te de la situation financi\u00e8re de l\u2019Association \u00e0 la fin de son exercice financier, le 31 d\u00e9cembre 2019. Le rapport d\u2019audit a \u00e9t\u00e9 r\u00e9alis\u00e9 et pr\u00e9par\u00e9 par BDO Canada. T\u00e9l\u00e9chargez le rapport d\u00e8s aujourd\u2019hui.<\/p>\n","protected":false},"featured_media":7104,"template":"","meta":{"_acf_changed":false},"product_brand":[],"product_cat":[104],"product_tag":[],"class_list":{"0":"post-6423","1":"product","2":"type-product","3":"status-publish","4":"has-post-thumbnail","6":"product_cat-rapports-organisationnels","8":"first","9":"instock","10":"downloadable","11":"virtual","12":"sold-individually","13":"taxable","14":"product-type-simple"},"acf":[],"aioseo_notices":[],"wpml_current_locale":"fr_CA","wpml_translations":[],"_links":{"self":[{"href":"https:\/\/www.aiacanada.com\/fr\/wp-json\/wp\/v2\/product\/6423","targetHints":{"allow":["GET"]}}],"collection":[{"href":"https:\/\/www.aiacanada.com\/fr\/wp-json\/wp\/v2\/product"}],"about":[{"href":"https:\/\/www.aiacanada.com\/fr\/wp-json\/wp\/v2\/types\/product"}],"wp:featuredmedia":[{"embeddable":true,"href":"https:\/\/www.aiacanada.com\/fr\/wp-json\/wp\/v2\/media\/7104"}],"wp:attachment":[{"href":"https:\/\/www.aiacanada.com\/fr\/wp-json\/wp\/v2\/media?parent=6423"}],"wp:term":[{"taxonomy":"product_brand","embeddable":true,"href":"https:\/\/www.aiacanada.com\/fr\/wp-json\/wp\/v2\/product_brand?post=6423"},{"taxonomy":"product_cat","embeddable":true,"href":"https:\/\/www.aiacanada.com\/fr\/wp-json\/wp\/v2\/product_cat?post=6423"},{"taxonomy":"product_tag","embeddable":true,"href":"https:\/\/www.aiacanada.com\/fr\/wp-json\/wp\/v2\/product_tag?post=6423"}],"curies":[{"name":"wp","href":"https:\/\/api.w.org\/{rel}","templated":true}]}}