{"id":6425,"date":"2020-05-11T00:00:00","date_gmt":"2020-05-11T04:00:00","guid":{"rendered":"https:\/\/aiacanada.com\/product\/impact-de-la-covid-19-sondage-sur-la-conjucture-economique-du-marche-secondaire-de-lautomobile\/"},"modified":"2023-01-18T15:46:13","modified_gmt":"2023-01-18T20:46:13","slug":"impact-de-la-covid-19-sondage-sur-la-conjucture-economique-du-marche-secondaire-de-lautomobile","status":"publish","type":"product","link":"https:\/\/www.aiacanada.com\/fr\/produit\/impact-de-la-covid-19-sondage-sur-la-conjucture-economique-du-marche-secondaire-de-lautomobile\/","title":{"rendered":"Impact de la COVID-19 : sondage sur la conjucture \u00e9conomique du march\u00e9 secondaire de l&#8217;automobile"},"content":{"rendered":"<p>L\u2019AIA Canada a men\u00e9 des sondages en ligne pour demander aux parties prenantes du march\u00e9 secondaire comment la COVID-19 s\u2019est r\u00e9percut\u00e9e sur leurs entreprises. Leurs r\u00e9ponses permettent de brosser une vue d\u2019ensemble des incidences de la pand\u00e9mie sur les entreprises du pays.<\/p>\n","protected":false},"excerpt":{"rendered":"<p>L\u2019AIA Canada a men\u00e9 des sondages en ligne pour demander aux parties prenantes du march\u00e9 secondaire comment la COVID-19 s\u2019est r\u00e9percut\u00e9e sur leurs entreprises. Leurs r\u00e9ponses permettent de brosser une vue d\u2019ensemble des incidences de la pand\u00e9mie sur les entreprises du pays.<\/p>\n","protected":false},"featured_media":6151,"template":"","meta":{"_acf_changed":false},"product_brand":[],"product_cat":[103],"product_tag":[],"class_list":{"0":"post-6425","1":"product","2":"type-product","3":"status-publish","4":"has-post-thumbnail","6":"product_cat-outils-de-lindustrie","8":"first","9":"instock","10":"downloadable","11":"virtual","12":"sold-individually","13":"taxable","14":"purchasable","15":"product-type-simple"},"acf":[],"aioseo_notices":[],"wpml_current_locale":"fr_CA","wpml_translations":[],"_links":{"self":[{"href":"https:\/\/www.aiacanada.com\/fr\/wp-json\/wp\/v2\/product\/6425","targetHints":{"allow":["GET"]}}],"collection":[{"href":"https:\/\/www.aiacanada.com\/fr\/wp-json\/wp\/v2\/product"}],"about":[{"href":"https:\/\/www.aiacanada.com\/fr\/wp-json\/wp\/v2\/types\/product"}],"wp:featuredmedia":[{"embeddable":true,"href":"https:\/\/www.aiacanada.com\/fr\/wp-json\/wp\/v2\/media\/6151"}],"wp:attachment":[{"href":"https:\/\/www.aiacanada.com\/fr\/wp-json\/wp\/v2\/media?parent=6425"}],"wp:term":[{"taxonomy":"product_brand","embeddable":true,"href":"https:\/\/www.aiacanada.com\/fr\/wp-json\/wp\/v2\/product_brand?post=6425"},{"taxonomy":"product_cat","embeddable":true,"href":"https:\/\/www.aiacanada.com\/fr\/wp-json\/wp\/v2\/product_cat?post=6425"},{"taxonomy":"product_tag","embeddable":true,"href":"https:\/\/www.aiacanada.com\/fr\/wp-json\/wp\/v2\/product_tag?post=6425"}],"curies":[{"name":"wp","href":"https:\/\/api.w.org\/{rel}","templated":true}]}}