{"id":6427,"date":"2016-01-03T00:00:00","date_gmt":"2016-01-03T05:00:00","guid":{"rendered":"https:\/\/aiacanada.com\/product\/le-partenariat-transpacifique-et-le-marche-secondaire-de-lautomobile-menaces-et-possibilites\/"},"modified":"2023-01-18T15:46:41","modified_gmt":"2023-01-18T20:46:41","slug":"le-partenariat-transpacifique-et-le-marche-secondaire-de-lautomobile-menaces-et-possibilites","status":"publish","type":"product","link":"https:\/\/www.aiacanada.com\/fr\/produit\/le-partenariat-transpacifique-et-le-marche-secondaire-de-lautomobile-menaces-et-possibilites\/","title":{"rendered":"Le partenariat transpacifique et le march\u00e9 secondaire de l\u2019automobile : Menaces et possibilit\u00e9s"},"content":{"rendered":"<p>Le Partenariat transpacifique (PTP) est un accord commercial qui n\u2019a pas encore \u00e9t\u00e9 ratifi\u00e9 conclu entre douze pays : l\u2019Australie, le Brun\u00e9i, le Canada, le Chili, le Japon, la Malaisie, le Mexique, la Nouvelle-Z\u00e9lande, le P\u00e9rou, Singapour, les \u00c9tats-Unis et le Vietnam. La Chine, toutefois, n\u2019est pas partie \u00e0 l\u2019accord. Quoique le gouvernement canadien ait convenu de signer le PTP, rien ne garantit la ratification de l\u2019accord. Cependant, s\u2019il est ratifi\u00e9, il abaissera les droits de douane sur les pi\u00e8ces d\u2019automobile import\u00e9es au Canada, diminuera les droits de douane sur les pi\u00e8ces d\u2019automobile canadiennes export\u00e9es aux pays du PTP et r\u00e9duira les exigences li\u00e9es au contenu nord-am\u00e9ricain des v\u00e9hicules et des pi\u00e8ces. En pr\u00e9vision de l\u2019examen du PTP par le nouveau gouvernement lib\u00e9ral, l\u2019AIA a pr\u00e9par\u00e9 un document de recherche sp\u00e9cial ponctuel portant sur l\u2019accord et ses principales incidences sur le march\u00e9 secondaire de l\u2019automobile.<\/p>\n","protected":false},"excerpt":{"rendered":"<p>Le Partenariat transpacifique (PTP) est un accord commercial qui n\u2019a pas encore \u00e9t\u00e9 ratifi\u00e9 conclu entre douze pays : l\u2019Australie, le Brun\u00e9i, le Canada, le Chili, le Japon, la Malaisie, le Mexique, la Nouvelle-Z\u00e9lande, le P\u00e9rou, Singapour, les \u00c9tats-Unis et le Vietnam. La Chine, toutefois, n\u2019est pas partie \u00e0 l\u2019accord. Quoique le gouvernement canadien ait [&hellip;]<\/p>\n","protected":false},"featured_media":6157,"template":"","meta":{"_acf_changed":false},"product_brand":[],"product_cat":[106],"product_tag":[],"class_list":{"0":"post-6427","1":"product","2":"type-product","3":"status-publish","4":"has-post-thumbnail","6":"product_cat-tendances-et-portrait-de-lindustrie","8":"first","9":"instock","10":"downloadable","11":"virtual","12":"sold-individually","13":"taxable","14":"purchasable","15":"product-type-simple"},"acf":[],"aioseo_notices":[],"wpml_current_locale":"fr_CA","wpml_translations":[],"_links":{"self":[{"href":"https:\/\/www.aiacanada.com\/fr\/wp-json\/wp\/v2\/product\/6427","targetHints":{"allow":["GET"]}}],"collection":[{"href":"https:\/\/www.aiacanada.com\/fr\/wp-json\/wp\/v2\/product"}],"about":[{"href":"https:\/\/www.aiacanada.com\/fr\/wp-json\/wp\/v2\/types\/product"}],"wp:featuredmedia":[{"embeddable":true,"href":"https:\/\/www.aiacanada.com\/fr\/wp-json\/wp\/v2\/media\/6157"}],"wp:attachment":[{"href":"https:\/\/www.aiacanada.com\/fr\/wp-json\/wp\/v2\/media?parent=6427"}],"wp:term":[{"taxonomy":"product_brand","embeddable":true,"href":"https:\/\/www.aiacanada.com\/fr\/wp-json\/wp\/v2\/product_brand?post=6427"},{"taxonomy":"product_cat","embeddable":true,"href":"https:\/\/www.aiacanada.com\/fr\/wp-json\/wp\/v2\/product_cat?post=6427"},{"taxonomy":"product_tag","embeddable":true,"href":"https:\/\/www.aiacanada.com\/fr\/wp-json\/wp\/v2\/product_tag?post=6427"}],"curies":[{"name":"wp","href":"https:\/\/api.w.org\/{rel}","templated":true}]}}