{"id":6428,"date":"2016-05-01T00:00:00","date_gmt":"2016-05-01T04:00:00","guid":{"rendered":"https:\/\/aiacanada.com\/product\/sommaire-executif-le-panorama-dici-references-de-productivite-de-2015-dans-le-secteur-canadien-des-services-en-automobile\/"},"modified":"2023-01-18T15:46:40","modified_gmt":"2023-01-18T20:46:40","slug":"sommaire-executif-le-panorama-dici-references-de-productivite-de-2015-dans-le-secteur-canadien-des-services-en-automobile","status":"publish","type":"product","link":"https:\/\/www.aiacanada.com\/fr\/produit\/sommaire-executif-le-panorama-dici-references-de-productivite-de-2015-dans-le-secteur-canadien-des-services-en-automobile\/","title":{"rendered":"(Sommaire ex\u00e9cutif) Le panorama d\u2019ici : R\u00e9f\u00e9rences de productivit\u00e9 de 2015 dans le secteur canadien des services en automobile"},"content":{"rendered":"<p><strong>Sommaire ex\u00e9cutif<\/strong><\/p>\n<p>En 2015, l\u2019Association des industries de l\u2019automobile du Canada (AIA) a command\u00e9 une enqu\u00eate aupr\u00e8s de 572 fournisseurs de services en automobile (FSA) en vue d\u2019\u00e9valuer la taille, le rendement sur le plan des ventes et les intentions du secteur canadien des services en automobile. Comparativement \u00e0 une \u00e9tude semblable r\u00e9alis\u00e9e en 2010, le nombre d\u2019heures vendues par transaction a peu vari\u00e9, ce qui porte \u00e0 conclure que l\u2019efficacit\u00e9 des ateliers canadiens a peu chang\u00e9.<\/p>\n","protected":false},"excerpt":{"rendered":"<p>Sommaire ex\u00e9cutif En 2015, l\u2019Association des industries de l\u2019automobile du Canada (AIA) a command\u00e9 une enqu\u00eate aupr\u00e8s de 572 fournisseurs de services en automobile (FSA) en vue d\u2019\u00e9valuer la taille, le rendement sur le plan des ventes et les intentions du secteur canadien des services en automobile. Comparativement \u00e0 une \u00e9tude semblable r\u00e9alis\u00e9e en 2010, [&hellip;]<\/p>\n","protected":false},"featured_media":6160,"template":"","meta":{"_acf_changed":false},"product_brand":[],"product_cat":[106],"product_tag":[],"class_list":{"0":"post-6428","1":"product","2":"type-product","3":"status-publish","4":"has-post-thumbnail","6":"product_cat-tendances-et-portrait-de-lindustrie","8":"first","9":"instock","10":"downloadable","11":"virtual","12":"sold-individually","13":"taxable","14":"purchasable","15":"product-type-simple"},"acf":[],"aioseo_notices":[],"wpml_current_locale":"fr_CA","wpml_translations":[],"_links":{"self":[{"href":"https:\/\/www.aiacanada.com\/fr\/wp-json\/wp\/v2\/product\/6428","targetHints":{"allow":["GET"]}}],"collection":[{"href":"https:\/\/www.aiacanada.com\/fr\/wp-json\/wp\/v2\/product"}],"about":[{"href":"https:\/\/www.aiacanada.com\/fr\/wp-json\/wp\/v2\/types\/product"}],"wp:featuredmedia":[{"embeddable":true,"href":"https:\/\/www.aiacanada.com\/fr\/wp-json\/wp\/v2\/media\/6160"}],"wp:attachment":[{"href":"https:\/\/www.aiacanada.com\/fr\/wp-json\/wp\/v2\/media?parent=6428"}],"wp:term":[{"taxonomy":"product_brand","embeddable":true,"href":"https:\/\/www.aiacanada.com\/fr\/wp-json\/wp\/v2\/product_brand?post=6428"},{"taxonomy":"product_cat","embeddable":true,"href":"https:\/\/www.aiacanada.com\/fr\/wp-json\/wp\/v2\/product_cat?post=6428"},{"taxonomy":"product_tag","embeddable":true,"href":"https:\/\/www.aiacanada.com\/fr\/wp-json\/wp\/v2\/product_tag?post=6428"}],"curies":[{"name":"wp","href":"https:\/\/api.w.org\/{rel}","templated":true}]}}