{"id":6432,"date":"2019-11-20T00:00:00","date_gmt":"2019-11-20T05:00:00","guid":{"rendered":"https:\/\/aiacanada.com\/product\/quy-a-t-il-dans-votre-panier-dachats-en-ligne-etude-de-la-vente-au-detail-en-ligne-de-pieces-dautomobile-au-canada\/"},"modified":"2023-01-18T15:46:20","modified_gmt":"2023-01-18T20:46:20","slug":"quy-a-t-il-dans-votre-panier-dachats-en-ligne-etude-de-la-vente-au-detail-en-ligne-de-pieces-dautomobile-au-canada","status":"publish","type":"product","link":"https:\/\/www.aiacanada.com\/fr\/produit\/quy-a-t-il-dans-votre-panier-dachats-en-ligne-etude-de-la-vente-au-detail-en-ligne-de-pieces-dautomobile-au-canada\/","title":{"rendered":"Qu\u2019y a-t-il dans votre panier d&#8217;achats en ligne? \u00c9tude de la vente au d\u00e9tail en ligne de pi\u00e8ces d\u2019automobile au Canada"},"content":{"rendered":"<p>Internet et les d\u00e9taillants en ligne ont chang\u00e9 la fa\u00e7on dont les Canadiens ach\u00e8tent \u00e0 peu pr\u00e8s tout. La vente au d\u00e9tail en ligne est clairement ici pour rester, mais les consommateurs canadiens ont-ils \u00e9tendu leurs habitudes d&#8217;achat en ligne aux pi\u00e8ces et aux fluides pour les v\u00e9hicules?<\/p>\n<p>Dans le plus r\u00e9cent rapport de l&#8217;AIA Canada, Qu\u2019y a-t-il dans votre panier d&#8217;achats en ligne? \u00c9tude de la vente au d\u00e9tail en ligne de pi\u00e8ces d\u2019automobile au Canada, nous avons sond\u00e9 plus de 2 000 consommateurs canadiens afin de comprendre leur comportement d&#8217;achat en ce qui concerne leurs v\u00e9hicules et ce qu&#8217;il signifie pour le secteur du march\u00e9 secondaire.<\/p>\n","protected":false},"excerpt":{"rendered":"<p>Internet et les d\u00e9taillants en ligne ont chang\u00e9 la fa\u00e7on dont les Canadiens ach\u00e8tent \u00e0 peu pr\u00e8s tout. La vente au d\u00e9tail en ligne est clairement ici pour rester, mais les consommateurs canadiens ont-ils \u00e9tendu leurs habitudes d&#8217;achat en ligne aux pi\u00e8ces et aux fluides pour les v\u00e9hicules? Dans le plus r\u00e9cent rapport de l&#8217;AIA [&hellip;]<\/p>\n","protected":false},"featured_media":6163,"template":"","meta":{"_acf_changed":false},"product_brand":[],"product_cat":[105],"product_tag":[],"class_list":{"0":"post-6432","1":"product","2":"type-product","3":"status-publish","4":"has-post-thumbnail","6":"product_cat-tendances-des-consommateurs","8":"first","9":"instock","10":"downloadable","11":"virtual","12":"sold-individually","13":"taxable","14":"purchasable","15":"product-type-simple"},"acf":[],"aioseo_notices":[],"wpml_current_locale":"fr_CA","wpml_translations":[],"_links":{"self":[{"href":"https:\/\/www.aiacanada.com\/fr\/wp-json\/wp\/v2\/product\/6432","targetHints":{"allow":["GET"]}}],"collection":[{"href":"https:\/\/www.aiacanada.com\/fr\/wp-json\/wp\/v2\/product"}],"about":[{"href":"https:\/\/www.aiacanada.com\/fr\/wp-json\/wp\/v2\/types\/product"}],"wp:featuredmedia":[{"embeddable":true,"href":"https:\/\/www.aiacanada.com\/fr\/wp-json\/wp\/v2\/media\/6163"}],"wp:attachment":[{"href":"https:\/\/www.aiacanada.com\/fr\/wp-json\/wp\/v2\/media?parent=6432"}],"wp:term":[{"taxonomy":"product_brand","embeddable":true,"href":"https:\/\/www.aiacanada.com\/fr\/wp-json\/wp\/v2\/product_brand?post=6432"},{"taxonomy":"product_cat","embeddable":true,"href":"https:\/\/www.aiacanada.com\/fr\/wp-json\/wp\/v2\/product_cat?post=6432"},{"taxonomy":"product_tag","embeddable":true,"href":"https:\/\/www.aiacanada.com\/fr\/wp-json\/wp\/v2\/product_tag?post=6432"}],"curies":[{"name":"wp","href":"https:\/\/api.w.org\/{rel}","templated":true}]}}