{"id":6433,"date":"2019-09-19T00:00:00","date_gmt":"2019-09-19T04:00:00","guid":{"rendered":"https:\/\/aiacanada.com\/product\/sommaire-executif-sous-le-capot-la-perception-des-canadiens-quant-a-lentretien-et-la-reparation-de-leur-vehicule\/"},"modified":"2023-01-18T15:46:21","modified_gmt":"2023-01-18T20:46:21","slug":"sommaire-executif-sous-le-capot-la-perception-des-canadiens-quant-a-lentretien-et-la-reparation-de-leur-vehicule","status":"publish","type":"product","link":"https:\/\/www.aiacanada.com\/fr\/produit\/sommaire-executif-sous-le-capot-la-perception-des-canadiens-quant-a-lentretien-et-la-reparation-de-leur-vehicule\/","title":{"rendered":"(Sommaire ex\u00e9cutif) Sous le capot : La perception des Canadiens quant \u00e0 l\u2019entretien et la r\u00e9paration de leur v\u00e9hicule"},"content":{"rendered":"<p><strong>Sommaire ex\u00e9cutif<\/strong><\/p>\n<p>Connaissez-vous le point de vue de vos clients? Le dernier rapport de l\u2019AIA Canada fournit de pr\u00e9cieux renseignements aux fournisseurs d\u2019entretien automobile.<\/p>\n<p>Il est essentiel que tout fournisseur de services automobiles comprenne le point de vue des consommateurs en mati\u00e8re d\u2019entretien et de r\u00e9paration, et en quoi leurs perceptions diff\u00e8rent selon les segments du march\u00e9. Votre prochain client pourrait privil\u00e9gier la qualit\u00e9 plut\u00f4t que le prix, alors qu\u2019un autre pourrait simplement chercher \u00e0 payer le moins cher possible. Comprendre ces attitudes est essentiel pour atteindre votre but ultime : la confiance et la loyaut\u00e9 du client.<\/p>\n<p>Le dernier rapport de l\u2019AIA Canada, intitul\u00e9 Sous le capot : La perception des Canadiens quant \u00e0 l\u2019entretien et la r\u00e9paration de leur v\u00e9hicule, explore les comportements, les attitudes et les pr\u00e9f\u00e9rences des consommateurs en ce qui concerne l\u2019entretien et les r\u00e9parations, notamment :<\/p>\n<ul>\n<li>l\u2019importance de l\u2019entretien et des r\u00e9parations aux yeux des propri\u00e9taires de v\u00e9hicules;<\/li>\n<li>la fa\u00e7on dont les propri\u00e9taires de v\u00e9hicules sont avis\u00e9s et pr\u00e9f\u00e9reraient l\u2019\u00eatre concernant l\u2019entretien n\u00e9cessaire sur leur v\u00e9hicule;<\/li>\n<li>le compromis qualit\u00e9\/prix pour des pi\u00e8ces sp\u00e9cifiques de leur v\u00e9hicule.<\/li>\n<\/ul>\n","protected":false},"excerpt":{"rendered":"<p>Sommaire ex\u00e9cutif Connaissez-vous le point de vue de vos clients? Le dernier rapport de l\u2019AIA Canada fournit de pr\u00e9cieux renseignements aux fournisseurs d\u2019entretien automobile. Il est essentiel que tout fournisseur de services automobiles comprenne le point de vue des consommateurs en mati\u00e8re d\u2019entretien et de r\u00e9paration, et en quoi leurs perceptions diff\u00e8rent selon les segments [&hellip;]<\/p>\n","protected":false},"featured_media":6167,"template":"","meta":{"_acf_changed":false},"product_brand":[],"product_cat":[105],"product_tag":[],"class_list":{"0":"post-6433","1":"product","2":"type-product","3":"status-publish","4":"has-post-thumbnail","6":"product_cat-tendances-des-consommateurs","8":"first","9":"instock","10":"downloadable","11":"virtual","12":"sold-individually","13":"taxable","14":"purchasable","15":"product-type-simple"},"acf":[],"aioseo_notices":[],"wpml_current_locale":"fr_CA","wpml_translations":[],"_links":{"self":[{"href":"https:\/\/www.aiacanada.com\/fr\/wp-json\/wp\/v2\/product\/6433","targetHints":{"allow":["GET"]}}],"collection":[{"href":"https:\/\/www.aiacanada.com\/fr\/wp-json\/wp\/v2\/product"}],"about":[{"href":"https:\/\/www.aiacanada.com\/fr\/wp-json\/wp\/v2\/types\/product"}],"wp:featuredmedia":[{"embeddable":true,"href":"https:\/\/www.aiacanada.com\/fr\/wp-json\/wp\/v2\/media\/6167"}],"wp:attachment":[{"href":"https:\/\/www.aiacanada.com\/fr\/wp-json\/wp\/v2\/media?parent=6433"}],"wp:term":[{"taxonomy":"product_brand","embeddable":true,"href":"https:\/\/www.aiacanada.com\/fr\/wp-json\/wp\/v2\/product_brand?post=6433"},{"taxonomy":"product_cat","embeddable":true,"href":"https:\/\/www.aiacanada.com\/fr\/wp-json\/wp\/v2\/product_cat?post=6433"},{"taxonomy":"product_tag","embeddable":true,"href":"https:\/\/www.aiacanada.com\/fr\/wp-json\/wp\/v2\/product_tag?post=6433"}],"curies":[{"name":"wp","href":"https:\/\/api.w.org\/{rel}","templated":true}]}}