{"id":6443,"date":"2021-10-20T00:00:00","date_gmt":"2021-10-20T04:00:00","guid":{"rendered":"https:\/\/aiacanada.com\/product\/sommaire-executif-limpact-de-la-pandemie-de-covid-19-points-de-vue-de-2000-canadiens\/"},"modified":"2023-01-18T15:46:03","modified_gmt":"2023-01-18T20:46:03","slug":"sommaire-executif-limpact-de-la-pandemie-de-covid-19-points-de-vue-de-2000-canadiens","status":"publish","type":"product","link":"https:\/\/www.aiacanada.com\/fr\/produit\/sommaire-executif-limpact-de-la-pandemie-de-covid-19-points-de-vue-de-2000-canadiens\/","title":{"rendered":"(Sommaire ex\u00e9cutif) L\u2019impact de la pand\u00e9mie de COVID-19 : points de vue de 2000 Canadiens"},"content":{"rendered":"<p><strong>Sommaire ex\u00e9cutif<\/strong><\/p>\n<p>La pand\u00e9mie de COVID-19 s\u2019inscrira sans doute comme un moment charni\u00e8re dans l\u2019histoire. Les efforts d\u00e9ploy\u00e9s pour contenir la propagation du virus ont eu des r\u00e9percussions dans toutes les sph\u00e8res de notre vie, y compris dans nos habitudes d\u2019utilisation et d\u2019entretien de nos v\u00e9hicules. Les cons\u00e9quences de ces changements, quant \u00e0 elles, ne sont pas encore toutes \u00e9videntes.<\/p>\n<p>La plus r\u00e9cente publication de l\u2019AIA Canada dans la s\u00e9rie Comportement du consommateur traite de l\u2019impact de la pand\u00e9mie de COVID-19. Nous avons sond\u00e9 2 000 Canadiens propri\u00e9taires de v\u00e9hicules afin de comprendre en quoi la COVID-19 est venue modifier leur comportement, leur attitude et leurs pr\u00e9f\u00e9rences.<\/p>\n<p>Les donn\u00e9es de ce rapport sont cruciales pour vous aider \u00e0 planifier l\u2019avenir de votre entreprise. Les consommateurs canadiens se sont adapt\u00e9s \u00e0 une \u00ab nouvelle normalit\u00e9 \u00bb bien diff\u00e9rente de celle qu\u2019ils ont connue avant la pand\u00e9mie. Pour assurer votre r\u00e9ussite commerciale au sein d\u2019une \u00e9conomie d\u2019apr\u00e8s-COVID, il est crucial pour vous de conna\u00eetre leurs nouvelles attentes envers leurs fournisseurs de services.<\/p>\n","protected":false},"excerpt":{"rendered":"<p>Sommaire ex\u00e9cutif La pand\u00e9mie de COVID-19 s\u2019inscrira sans doute comme un moment charni\u00e8re dans l\u2019histoire. Les efforts d\u00e9ploy\u00e9s pour contenir la propagation du virus ont eu des r\u00e9percussions dans toutes les sph\u00e8res de notre vie, y compris dans nos habitudes d\u2019utilisation et d\u2019entretien de nos v\u00e9hicules. Les cons\u00e9quences de ces changements, quant \u00e0 elles, ne [&hellip;]<\/p>\n","protected":false},"featured_media":6174,"template":"","meta":{"_acf_changed":false},"product_brand":[],"product_cat":[105],"product_tag":[],"class_list":{"0":"post-6443","1":"product","2":"type-product","3":"status-publish","4":"has-post-thumbnail","6":"product_cat-tendances-des-consommateurs","8":"first","9":"instock","10":"downloadable","11":"virtual","12":"sold-individually","13":"taxable","14":"purchasable","15":"product-type-simple"},"acf":[],"aioseo_notices":[],"wpml_current_locale":"fr_CA","wpml_translations":[],"_links":{"self":[{"href":"https:\/\/www.aiacanada.com\/fr\/wp-json\/wp\/v2\/product\/6443","targetHints":{"allow":["GET"]}}],"collection":[{"href":"https:\/\/www.aiacanada.com\/fr\/wp-json\/wp\/v2\/product"}],"about":[{"href":"https:\/\/www.aiacanada.com\/fr\/wp-json\/wp\/v2\/types\/product"}],"wp:featuredmedia":[{"embeddable":true,"href":"https:\/\/www.aiacanada.com\/fr\/wp-json\/wp\/v2\/media\/6174"}],"wp:attachment":[{"href":"https:\/\/www.aiacanada.com\/fr\/wp-json\/wp\/v2\/media?parent=6443"}],"wp:term":[{"taxonomy":"product_brand","embeddable":true,"href":"https:\/\/www.aiacanada.com\/fr\/wp-json\/wp\/v2\/product_brand?post=6443"},{"taxonomy":"product_cat","embeddable":true,"href":"https:\/\/www.aiacanada.com\/fr\/wp-json\/wp\/v2\/product_cat?post=6443"},{"taxonomy":"product_tag","embeddable":true,"href":"https:\/\/www.aiacanada.com\/fr\/wp-json\/wp\/v2\/product_tag?post=6443"}],"curies":[{"name":"wp","href":"https:\/\/api.w.org\/{rel}","templated":true}]}}