{"id":6444,"date":"2022-04-28T00:00:00","date_gmt":"2022-04-28T04:00:00","guid":{"rendered":"https:\/\/aiacanada.com\/product\/concessionnaire-ou-independant-comment-les-canadiens-proprietaires-de-vehicules-choisissent-ils-leur-atelier\/"},"modified":"2023-01-18T15:45:57","modified_gmt":"2023-01-18T20:45:57","slug":"concessionnaire-ou-independant-comment-les-canadiens-proprietaires-de-vehicules-choisissent-ils-leur-atelier","status":"publish","type":"product","link":"https:\/\/www.aiacanada.com\/fr\/produit\/concessionnaire-ou-independant-comment-les-canadiens-proprietaires-de-vehicules-choisissent-ils-leur-atelier\/","title":{"rendered":"Concessionnaire ou ind\u00e9pendant : comment les Canadiens propri\u00e9taires de v\u00e9hicules choisissent-ils leur atelier"},"content":{"rendered":"<p>Avec la concurrence des concessionnaires, les ateliers ind\u00e9pendants du march\u00e9 secondaire doivent travailler dur pour constituer et conserver leur client\u00e8le. Pour adopter les bonnes strat\u00e9gies, il est essentiel de savoir ce que les propri\u00e9taires de v\u00e9hicules canadiens recherchent chez un fournisseur de services.<\/p>\n<p>Notre plus r\u00e9cent rapport, Concessionnaire ou ind\u00e9pendant : comment les Canadiens propri\u00e9taires de v\u00e9hicules choisissent-ils leur atelier, examine ce qui pousse certains propri\u00e9taires \u00e0 se rendre chez un concessionnaire, tandis que d\u2019autres choisissent un atelier ind\u00e9pendant.<\/p>\n","protected":false},"excerpt":{"rendered":"<p>Avec la concurrence des concessionnaires, les ateliers ind\u00e9pendants du march\u00e9 secondaire doivent travailler dur pour constituer et conserver leur client\u00e8le. Pour adopter les bonnes strat\u00e9gies, il est essentiel de savoir ce que les propri\u00e9taires de v\u00e9hicules canadiens recherchent chez un fournisseur de services. Notre plus r\u00e9cent rapport, Concessionnaire ou ind\u00e9pendant : comment les Canadiens propri\u00e9taires [&hellip;]<\/p>\n","protected":false},"featured_media":6178,"template":"","meta":{"_acf_changed":false},"product_brand":[],"product_cat":[105],"product_tag":[],"class_list":{"0":"post-6444","1":"product","2":"type-product","3":"status-publish","4":"has-post-thumbnail","6":"product_cat-tendances-des-consommateurs","8":"first","9":"instock","10":"downloadable","11":"virtual","12":"sold-individually","13":"taxable","14":"purchasable","15":"product-type-simple"},"acf":[],"aioseo_notices":[],"wpml_current_locale":"fr_CA","wpml_translations":[],"_links":{"self":[{"href":"https:\/\/www.aiacanada.com\/fr\/wp-json\/wp\/v2\/product\/6444","targetHints":{"allow":["GET"]}}],"collection":[{"href":"https:\/\/www.aiacanada.com\/fr\/wp-json\/wp\/v2\/product"}],"about":[{"href":"https:\/\/www.aiacanada.com\/fr\/wp-json\/wp\/v2\/types\/product"}],"wp:featuredmedia":[{"embeddable":true,"href":"https:\/\/www.aiacanada.com\/fr\/wp-json\/wp\/v2\/media\/6178"}],"wp:attachment":[{"href":"https:\/\/www.aiacanada.com\/fr\/wp-json\/wp\/v2\/media?parent=6444"}],"wp:term":[{"taxonomy":"product_brand","embeddable":true,"href":"https:\/\/www.aiacanada.com\/fr\/wp-json\/wp\/v2\/product_brand?post=6444"},{"taxonomy":"product_cat","embeddable":true,"href":"https:\/\/www.aiacanada.com\/fr\/wp-json\/wp\/v2\/product_cat?post=6444"},{"taxonomy":"product_tag","embeddable":true,"href":"https:\/\/www.aiacanada.com\/fr\/wp-json\/wp\/v2\/product_tag?post=6444"}],"curies":[{"name":"wp","href":"https:\/\/api.w.org\/{rel}","templated":true}]}}