{"id":6450,"date":"2020-01-23T00:00:00","date_gmt":"2020-01-23T05:00:00","guid":{"rendered":"https:\/\/aiacanada.com\/product\/sommaire-executif-a-votre-service-comment-les-canadiens-choisissent-leur-atelier-de-reparation-automobile\/"},"modified":"2023-01-18T15:46:18","modified_gmt":"2023-01-18T20:46:18","slug":"sommaire-executif-a-votre-service-comment-les-canadiens-choisissent-leur-atelier-de-reparation-automobile","status":"publish","type":"product","link":"https:\/\/www.aiacanada.com\/fr\/produit\/sommaire-executif-a-votre-service-comment-les-canadiens-choisissent-leur-atelier-de-reparation-automobile\/","title":{"rendered":"(Sommaire ex\u00e9cutif) \u00c0 votre service : Comment les Canadiens choisissent leur atelier de r\u00e9paration automobile ?"},"content":{"rendered":"<p><strong>Sommaire ex\u00e9cutif<\/strong><\/p>\n<p>Le succ\u00e8s en affaires repose en grande partie sur la compr\u00e9hension de ce qui incite certains clients \u00e0 revenir, et ce qui en motive d\u2019autres \u00e0 partir. La fid\u00e9lisation de la client\u00e8le est cruciale pour la survie \u00e0 long terme de toute entreprise.<\/p>\n<p>Les recherches d\u00e9montrent que la fid\u00e9lisation d\u2019une client\u00e8le existante offre un bien meilleur rendement de l\u2019investissement que l\u2019acquisition de nouveaux clients. Il est donc primordial de savoir ce que les propri\u00e9taires de voitures canadiens recherchent chez un fournisseur de services. Le dernier rapport de l\u2019AIA Canada, \u00c0 votre service : Comment les Canadiens choisissent leur atelier de r\u00e9paration automobile, offre des renseignements cl\u00e9s \u00e0 ce sujet.<\/p>\n","protected":false},"excerpt":{"rendered":"<p>Sommaire ex\u00e9cutif Le succ\u00e8s en affaires repose en grande partie sur la compr\u00e9hension de ce qui incite certains clients \u00e0 revenir, et ce qui en motive d\u2019autres \u00e0 partir. La fid\u00e9lisation de la client\u00e8le est cruciale pour la survie \u00e0 long terme de toute entreprise. Les recherches d\u00e9montrent que la fid\u00e9lisation d\u2019une client\u00e8le existante offre [&hellip;]<\/p>\n","protected":false},"featured_media":6184,"template":"","meta":{"_acf_changed":false},"product_brand":[],"product_cat":[105],"product_tag":[],"class_list":{"0":"post-6450","1":"product","2":"type-product","3":"status-publish","4":"has-post-thumbnail","6":"product_cat-tendances-des-consommateurs","8":"first","9":"instock","10":"downloadable","11":"virtual","12":"sold-individually","13":"taxable","14":"purchasable","15":"product-type-simple"},"acf":[],"aioseo_notices":[],"wpml_current_locale":"fr_CA","wpml_translations":[],"_links":{"self":[{"href":"https:\/\/www.aiacanada.com\/fr\/wp-json\/wp\/v2\/product\/6450","targetHints":{"allow":["GET"]}}],"collection":[{"href":"https:\/\/www.aiacanada.com\/fr\/wp-json\/wp\/v2\/product"}],"about":[{"href":"https:\/\/www.aiacanada.com\/fr\/wp-json\/wp\/v2\/types\/product"}],"wp:featuredmedia":[{"embeddable":true,"href":"https:\/\/www.aiacanada.com\/fr\/wp-json\/wp\/v2\/media\/6184"}],"wp:attachment":[{"href":"https:\/\/www.aiacanada.com\/fr\/wp-json\/wp\/v2\/media?parent=6450"}],"wp:term":[{"taxonomy":"product_brand","embeddable":true,"href":"https:\/\/www.aiacanada.com\/fr\/wp-json\/wp\/v2\/product_brand?post=6450"},{"taxonomy":"product_cat","embeddable":true,"href":"https:\/\/www.aiacanada.com\/fr\/wp-json\/wp\/v2\/product_cat?post=6450"},{"taxonomy":"product_tag","embeddable":true,"href":"https:\/\/www.aiacanada.com\/fr\/wp-json\/wp\/v2\/product_tag?post=6450"}],"curies":[{"name":"wp","href":"https:\/\/api.w.org\/{rel}","templated":true}]}}