{"id":6458,"date":"2021-11-25T00:00:00","date_gmt":"2021-11-25T05:00:00","guid":{"rendered":"https:\/\/aiacanada.com\/product\/portrait-des-concessionnaires-de-vehicules-neufs-en-2021\/"},"modified":"2023-01-18T15:46:02","modified_gmt":"2023-01-18T20:46:02","slug":"portrait-des-concessionnaires-de-vehicules-neufs-en-2021","status":"publish","type":"product","link":"https:\/\/www.aiacanada.com\/fr\/produit\/portrait-des-concessionnaires-de-vehicules-neufs-en-2021\/","title":{"rendered":"Portrait des concessionnaires de v\u00e9hicules neufs en 2021"},"content":{"rendered":"<p>Le r\u00e9seau de concessionnaires constitue une part importante de la structure de la cha\u00eene d\u2019approvisionnement du march\u00e9 secondaire. Les entreprises du march\u00e9 secondaire ont avantage \u00e0 conna\u00eetre le nombre de concessionnaires et le volume des ventes de v\u00e9hicules neufs. Ainsi, ils sont mieux en mesure d\u2019anticiper quels types de v\u00e9hicules ils devront r\u00e9parer et entretenir au cours des ann\u00e9es \u00e0 venir. Les tendances qui pr\u00e9valent dans le r\u00e9seau de concessionnaires sont \u00e9troitement li\u00e9es \u00e0 celles qui touchent les entreprises du march\u00e9 secondaire de l\u2019automobile.<\/p>\n<p>Les fournisseurs de services du march\u00e9 secondaire font face aux m\u00eames d\u00e9fis que ceux que doivent affronter les concessionnaires, sans compter les difficult\u00e9s que g\u00e9n\u00e8rent les mesures et les politiques adopt\u00e9es par les fabricants d\u2019\u00e9quipement d\u2019origine (OEM) et leurs concessionnaires. Cependant, puisqu\u2019il faudra s\u2019adapter aux d\u00e9lais d\u2019approvisionnement plus longs, notre industrie a tout int\u00e9r\u00eat \u00e0 bien saisir une vue d\u2019ensemble des concessionnaires pour nous pr\u00e9parer correctement aux futures tendances.<\/p>\n","protected":false},"excerpt":{"rendered":"<p>Le r\u00e9seau de concessionnaires constitue une part importante de la structure de la cha\u00eene d\u2019approvisionnement du march\u00e9 secondaire. Les entreprises du march\u00e9 secondaire ont avantage \u00e0 conna\u00eetre le nombre de concessionnaires et le volume des ventes de v\u00e9hicules neufs. Ainsi, ils sont mieux en mesure d\u2019anticiper quels types de v\u00e9hicules ils devront r\u00e9parer et entretenir [&hellip;]<\/p>\n","protected":false},"featured_media":7124,"template":"","meta":{"_acf_changed":false},"product_brand":[],"product_cat":[106],"product_tag":[],"class_list":{"0":"post-6458","1":"product","2":"type-product","3":"status-publish","4":"has-post-thumbnail","6":"product_cat-tendances-et-portrait-de-lindustrie","8":"first","9":"instock","10":"downloadable","11":"virtual","12":"sold-individually","13":"taxable","14":"purchasable","15":"product-type-simple"},"acf":[],"aioseo_notices":[],"wpml_current_locale":"fr_CA","wpml_translations":[],"_links":{"self":[{"href":"https:\/\/www.aiacanada.com\/fr\/wp-json\/wp\/v2\/product\/6458","targetHints":{"allow":["GET"]}}],"collection":[{"href":"https:\/\/www.aiacanada.com\/fr\/wp-json\/wp\/v2\/product"}],"about":[{"href":"https:\/\/www.aiacanada.com\/fr\/wp-json\/wp\/v2\/types\/product"}],"wp:featuredmedia":[{"embeddable":true,"href":"https:\/\/www.aiacanada.com\/fr\/wp-json\/wp\/v2\/media\/7124"}],"wp:attachment":[{"href":"https:\/\/www.aiacanada.com\/fr\/wp-json\/wp\/v2\/media?parent=6458"}],"wp:term":[{"taxonomy":"product_brand","embeddable":true,"href":"https:\/\/www.aiacanada.com\/fr\/wp-json\/wp\/v2\/product_brand?post=6458"},{"taxonomy":"product_cat","embeddable":true,"href":"https:\/\/www.aiacanada.com\/fr\/wp-json\/wp\/v2\/product_cat?post=6458"},{"taxonomy":"product_tag","embeddable":true,"href":"https:\/\/www.aiacanada.com\/fr\/wp-json\/wp\/v2\/product_tag?post=6458"}],"curies":[{"name":"wp","href":"https:\/\/api.w.org\/{rel}","templated":true}]}}