{"id":6472,"date":"2020-03-02T17:44:10","date_gmt":"2020-03-02T22:44:10","guid":{"rendered":"https:\/\/aiacanada.com\/?post_type=product&#038;p=6472"},"modified":"2023-01-18T15:46:16","modified_gmt":"2023-01-18T20:46:16","slug":"les-fsa-accordent-une-grande-importance-a-la-relation-quils-entretiennent-avec-les-concessionnaires-automobiles-sexposent-ils-ainsi-a-un-risque","status":"publish","type":"product","link":"https:\/\/www.aiacanada.com\/fr\/produit\/les-fsa-accordent-une-grande-importance-a-la-relation-quils-entretiennent-avec-les-concessionnaires-automobiles-sexposent-ils-ainsi-a-un-risque\/","title":{"rendered":"Les FSA accordent une grande importance \u00e0 la relation qu\u2019ils entretiennent avec les concessionnaires automobiles; s\u2019exposent-ils ainsi \u00e0 un risque?"},"content":{"rendered":"<p>L\u2019Association des industries de l\u2019automobile du Canada a command\u00e9 un projet de recherche novateur \u00e0 J.D. Power et CHAT Integrated Media. L\u2019objectif de la recherche \u00e9tait de d\u00e9couvrir l\u2019\u00e9tat actuel de l\u2019acc\u00e8s \u00e0 l\u2019information en mati\u00e8re de r\u00e9paration \u00e0 travers le Canada au moyen de centaines de sondages et d\u2019entrevues avec des fournisseurs de services en automobile (FSA).<\/p>\n<p>Il s\u2019agit du premier d\u2019une s\u00e9rie d\u2019articles qui examinent les principaux probl\u00e8mes et les risques pour le march\u00e9 secondaire de l\u2019automobile \u00e0 la suite de l\u2019\u00e9volution du paysage technologique et des perturbations de l\u2019acc\u00e8s aux informations sur la r\u00e9paration des v\u00e9hicules.<\/p>\n","protected":false},"excerpt":{"rendered":"<p>L\u2019Association des industries de l\u2019automobile du Canada a command\u00e9 un projet de recherche novateur \u00e0 J.D. Power et CHAT Integrated Media. L\u2019objectif de la recherche \u00e9tait de d\u00e9couvrir l\u2019\u00e9tat actuel de l\u2019acc\u00e8s \u00e0 l\u2019information en mati\u00e8re de r\u00e9paration \u00e0 travers le Canada au moyen de centaines de sondages et d\u2019entrevues avec des fournisseurs de services [&hellip;]<\/p>\n","protected":false},"featured_media":6206,"template":"","meta":{"_acf_changed":false},"product_brand":[],"product_cat":[106],"product_tag":[],"class_list":{"0":"post-6472","1":"product","2":"type-product","3":"status-publish","4":"has-post-thumbnail","6":"product_cat-tendances-et-portrait-de-lindustrie","8":"first","9":"instock","10":"downloadable","11":"virtual","12":"sold-individually","13":"taxable","14":"purchasable","15":"product-type-simple"},"acf":[],"aioseo_notices":[],"wpml_current_locale":"fr_CA","wpml_translations":[],"_links":{"self":[{"href":"https:\/\/www.aiacanada.com\/fr\/wp-json\/wp\/v2\/product\/6472","targetHints":{"allow":["GET"]}}],"collection":[{"href":"https:\/\/www.aiacanada.com\/fr\/wp-json\/wp\/v2\/product"}],"about":[{"href":"https:\/\/www.aiacanada.com\/fr\/wp-json\/wp\/v2\/types\/product"}],"wp:featuredmedia":[{"embeddable":true,"href":"https:\/\/www.aiacanada.com\/fr\/wp-json\/wp\/v2\/media\/6206"}],"wp:attachment":[{"href":"https:\/\/www.aiacanada.com\/fr\/wp-json\/wp\/v2\/media?parent=6472"}],"wp:term":[{"taxonomy":"product_brand","embeddable":true,"href":"https:\/\/www.aiacanada.com\/fr\/wp-json\/wp\/v2\/product_brand?post=6472"},{"taxonomy":"product_cat","embeddable":true,"href":"https:\/\/www.aiacanada.com\/fr\/wp-json\/wp\/v2\/product_cat?post=6472"},{"taxonomy":"product_tag","embeddable":true,"href":"https:\/\/www.aiacanada.com\/fr\/wp-json\/wp\/v2\/product_tag?post=6472"}],"curies":[{"name":"wp","href":"https:\/\/api.w.org\/{rel}","templated":true}]}}