{"id":6475,"date":"2017-08-23T00:00:00","date_gmt":"2017-08-23T04:00:00","guid":{"rendered":"https:\/\/aiacanada.com\/product\/sommaire-de-lannuaire-du-secteur-de-la-carrosserie-2017\/"},"modified":"2023-01-18T15:46:35","modified_gmt":"2023-01-18T20:46:35","slug":"sommaire-de-lannuaire-du-secteur-de-la-carrosserie-2017","status":"publish","type":"product","link":"https:\/\/www.aiacanada.com\/fr\/produit\/sommaire-de-lannuaire-du-secteur-de-la-carrosserie-2017\/","title":{"rendered":"Sommaire de l\u2019annuaire du secteur de la carrosserie 2017"},"content":{"rendered":"<p>Ce rapport ajoute un \u00e9l\u00e9ment important aux efforts de l&#8217;AIA Canada pour rem\u00e9dier au manque actuel d&#8217;information sur le march\u00e9 de l&#8217;industrie canadienne de la collision.<\/p>\n<p>Reprenant le format de la premi\u00e8re \u00e9dition, cet annuaire est divis\u00e9 en deux sections. Dans le profil national de l&#8217;industrie, vous trouverez des informations sur la taille et la port\u00e9e de l&#8217;industrie de la carrosserie. Dans la section provinciale, vous trouverez une analyse plus approfondie de l&#8217;industrie de la carrosserie pour chacune des dix provinces du Canada.<\/p>\n<p>Ce rapport est une ressource indispensable pour la planification strat\u00e9gique des entreprises et pour ceux qui cherchent \u00e0 en savoir plus sur l&#8217;industrie de la r\u00e9paration des collisions au Canada.<\/p>\n<p>Le rapport est disponible en anglais seulement.<\/p>\n","protected":false},"excerpt":{"rendered":"<p>Ce rapport ajoute un \u00e9l\u00e9ment important aux efforts de l&#8217;AIA Canada pour rem\u00e9dier au manque actuel d&#8217;information sur le march\u00e9 de l&#8217;industrie canadienne de la collision. Reprenant le format de la premi\u00e8re \u00e9dition, cet annuaire est divis\u00e9 en deux sections. Dans le profil national de l&#8217;industrie, vous trouverez des informations sur la taille et la [&hellip;]<\/p>\n","protected":false},"featured_media":6215,"template":"","meta":{"_acf_changed":false},"product_brand":[],"product_cat":[106],"product_tag":[],"class_list":{"0":"post-6475","1":"product","2":"type-product","3":"status-publish","4":"has-post-thumbnail","6":"product_cat-tendances-et-portrait-de-lindustrie","8":"first","9":"instock","10":"downloadable","11":"virtual","12":"sold-individually","13":"taxable","14":"purchasable","15":"product-type-simple"},"acf":[],"aioseo_notices":[],"wpml_current_locale":"fr_CA","wpml_translations":[],"_links":{"self":[{"href":"https:\/\/www.aiacanada.com\/fr\/wp-json\/wp\/v2\/product\/6475","targetHints":{"allow":["GET"]}}],"collection":[{"href":"https:\/\/www.aiacanada.com\/fr\/wp-json\/wp\/v2\/product"}],"about":[{"href":"https:\/\/www.aiacanada.com\/fr\/wp-json\/wp\/v2\/types\/product"}],"wp:featuredmedia":[{"embeddable":true,"href":"https:\/\/www.aiacanada.com\/fr\/wp-json\/wp\/v2\/media\/6215"}],"wp:attachment":[{"href":"https:\/\/www.aiacanada.com\/fr\/wp-json\/wp\/v2\/media?parent=6475"}],"wp:term":[{"taxonomy":"product_brand","embeddable":true,"href":"https:\/\/www.aiacanada.com\/fr\/wp-json\/wp\/v2\/product_brand?post=6475"},{"taxonomy":"product_cat","embeddable":true,"href":"https:\/\/www.aiacanada.com\/fr\/wp-json\/wp\/v2\/product_cat?post=6475"},{"taxonomy":"product_tag","embeddable":true,"href":"https:\/\/www.aiacanada.com\/fr\/wp-json\/wp\/v2\/product_tag?post=6475"}],"curies":[{"name":"wp","href":"https:\/\/api.w.org\/{rel}","templated":true}]}}