{"id":6476,"date":"2017-12-05T00:00:00","date_gmt":"2017-12-05T05:00:00","guid":{"rendered":"https:\/\/aiacanada.com\/product\/annuaire-de-lindustrie-candienne-de-la-carrosserie-2017\/"},"modified":"2023-01-18T15:46:33","modified_gmt":"2023-01-18T20:46:33","slug":"annuaire-de-lindustrie-candienne-de-la-carrosserie-2017","status":"publish","type":"product","link":"https:\/\/www.aiacanada.com\/fr\/produit\/annuaire-de-lindustrie-candienne-de-la-carrosserie-2017\/","title":{"rendered":"Annuaire de l&#8217;industrie candienne de la carrosserie 2017"},"content":{"rendered":"<p>Avec la publication de ce rapport, l\u2019AIA Canada ajoute un \u00e9l\u00e9ment important dans ses efforts pour rem\u00e9dier au manque actuel d\u2019information sur le march\u00e9 pour l\u2019industrie canadienne de la carrosserie. Poursuivant le format de la premi\u00e8re \u00e9dition, cet annuaire est divis\u00e9 en deux sections. Dans la section sur le profil national de l\u2019industrie, vous trouverez des informations sur la taille et la port\u00e9e de l\u2019industrie de la carrosserie. Dans la section provinciale, vous retrouverez une analyse plus approfondie de l\u2019industrie de la carrosserie pour chacune des dix provinces du Canada. Ce rapport est une ressource indispensable pour la planification strat\u00e9gique des activit\u00e9s et pour ceux qui cherchent \u00e0 en apprendre davantage sur l\u2019industrie de la carrosserie au Canada. <\/p>\n<p>Rapport disponible en anglais seulement. <\/p>\n","protected":false},"excerpt":{"rendered":"<p>Avec la publication de ce rapport, l\u2019AIA Canada ajoute un \u00e9l\u00e9ment important dans ses efforts pour rem\u00e9dier au manque actuel d\u2019information sur le march\u00e9 pour l\u2019industrie canadienne de la carrosserie. Poursuivant le format de la premi\u00e8re \u00e9dition, cet annuaire est divis\u00e9 en deux sections. Dans la section sur le profil national de l\u2019industrie, vous trouverez [&hellip;]<\/p>\n","protected":false},"featured_media":7116,"template":"","meta":{"_acf_changed":false},"product_brand":[],"product_cat":[106],"product_tag":[],"class_list":{"0":"post-6476","1":"product","2":"type-product","3":"status-publish","4":"has-post-thumbnail","6":"product_cat-tendances-et-portrait-de-lindustrie","8":"first","9":"instock","10":"downloadable","11":"virtual","12":"sold-individually","13":"taxable","14":"purchasable","15":"product-type-simple"},"acf":[],"aioseo_notices":[],"wpml_current_locale":"fr_CA","wpml_translations":[],"_links":{"self":[{"href":"https:\/\/www.aiacanada.com\/fr\/wp-json\/wp\/v2\/product\/6476","targetHints":{"allow":["GET"]}}],"collection":[{"href":"https:\/\/www.aiacanada.com\/fr\/wp-json\/wp\/v2\/product"}],"about":[{"href":"https:\/\/www.aiacanada.com\/fr\/wp-json\/wp\/v2\/types\/product"}],"wp:featuredmedia":[{"embeddable":true,"href":"https:\/\/www.aiacanada.com\/fr\/wp-json\/wp\/v2\/media\/7116"}],"wp:attachment":[{"href":"https:\/\/www.aiacanada.com\/fr\/wp-json\/wp\/v2\/media?parent=6476"}],"wp:term":[{"taxonomy":"product_brand","embeddable":true,"href":"https:\/\/www.aiacanada.com\/fr\/wp-json\/wp\/v2\/product_brand?post=6476"},{"taxonomy":"product_cat","embeddable":true,"href":"https:\/\/www.aiacanada.com\/fr\/wp-json\/wp\/v2\/product_cat?post=6476"},{"taxonomy":"product_tag","embeddable":true,"href":"https:\/\/www.aiacanada.com\/fr\/wp-json\/wp\/v2\/product_tag?post=6476"}],"curies":[{"name":"wp","href":"https:\/\/api.w.org\/{rel}","templated":true}]}}