{"id":6489,"date":"2020-06-30T00:00:00","date_gmt":"2020-06-30T04:00:00","guid":{"rendered":"https:\/\/aiacanada.com\/product\/impact-de-la-covid-19-sondage-sur-les-conditions-commerciales-du-marche-secondaire-analyse-sectorielle\/"},"modified":"2023-01-18T15:46:10","modified_gmt":"2023-01-18T20:46:10","slug":"impact-de-la-covid-19-sondage-sur-les-conditions-commerciales-du-marche-secondaire-analyse-sectorielle","status":"publish","type":"product","link":"https:\/\/www.aiacanada.com\/fr\/produit\/impact-de-la-covid-19-sondage-sur-les-conditions-commerciales-du-marche-secondaire-analyse-sectorielle\/","title":{"rendered":"Impact de la COVID-19 : Sondage sur les conditions commerciales du march\u00e9 secondaire &#8211; Analyse sectorielle"},"content":{"rendered":"<p>Gr\u00e2ce \u00e0 des sondages en ligne men\u00e9s en 2020, l\u2019AIA Canada a recueilli les commentaires des parties prenantes du march\u00e9 secondaire sur la fa\u00e7on dont la COVID-19 a affect\u00e9 leurs entreprises. Les r\u00e9ponses offrent un aper\u00e7u national de l\u2019impact de la pand\u00e9mie sur les entreprises.<\/p>\n","protected":false},"excerpt":{"rendered":"<p>Gr\u00e2ce \u00e0 des sondages en ligne men\u00e9s en 2020, l\u2019AIA Canada a recueilli les commentaires des parties prenantes du march\u00e9 secondaire sur la fa\u00e7on dont la COVID-19 a affect\u00e9 leurs entreprises. Les r\u00e9ponses offrent un aper\u00e7u national de l\u2019impact de la pand\u00e9mie sur les entreprises.<\/p>\n","protected":false},"featured_media":6233,"template":"","meta":{"_acf_changed":false},"product_brand":[],"product_cat":[103],"product_tag":[],"class_list":{"0":"post-6489","1":"product","2":"type-product","3":"status-publish","4":"has-post-thumbnail","6":"product_cat-outils-de-lindustrie","8":"first","9":"instock","10":"downloadable","11":"virtual","12":"sold-individually","13":"taxable","14":"purchasable","15":"product-type-simple"},"acf":[],"aioseo_notices":[],"wpml_current_locale":"fr_CA","wpml_translations":[],"_links":{"self":[{"href":"https:\/\/www.aiacanada.com\/fr\/wp-json\/wp\/v2\/product\/6489","targetHints":{"allow":["GET"]}}],"collection":[{"href":"https:\/\/www.aiacanada.com\/fr\/wp-json\/wp\/v2\/product"}],"about":[{"href":"https:\/\/www.aiacanada.com\/fr\/wp-json\/wp\/v2\/types\/product"}],"wp:featuredmedia":[{"embeddable":true,"href":"https:\/\/www.aiacanada.com\/fr\/wp-json\/wp\/v2\/media\/6233"}],"wp:attachment":[{"href":"https:\/\/www.aiacanada.com\/fr\/wp-json\/wp\/v2\/media?parent=6489"}],"wp:term":[{"taxonomy":"product_brand","embeddable":true,"href":"https:\/\/www.aiacanada.com\/fr\/wp-json\/wp\/v2\/product_brand?post=6489"},{"taxonomy":"product_cat","embeddable":true,"href":"https:\/\/www.aiacanada.com\/fr\/wp-json\/wp\/v2\/product_cat?post=6489"},{"taxonomy":"product_tag","embeddable":true,"href":"https:\/\/www.aiacanada.com\/fr\/wp-json\/wp\/v2\/product_tag?post=6489"}],"curies":[{"name":"wp","href":"https:\/\/api.w.org\/{rel}","templated":true}]}}