{"id":6490,"date":"2017-01-19T00:00:00","date_gmt":"2017-01-19T05:00:00","guid":{"rendered":"https:\/\/aiacanada.com\/product\/le-contexte-en-mutation-de-lautomobile-une-introduction\/"},"modified":"2023-01-18T15:46:37","modified_gmt":"2023-01-18T20:46:37","slug":"le-contexte-en-mutation-de-lautomobile-une-introduction","status":"publish","type":"product","link":"https:\/\/www.aiacanada.com\/fr\/produit\/le-contexte-en-mutation-de-lautomobile-une-introduction\/","title":{"rendered":"Le contexte en mutation de l\u2019automobile : Une introduction"},"content":{"rendered":"<p>Innovation, technologies \u00e9mergentes, perturbateurs, nouvelles mobilit\u00e9s \u2013 peu importe comment on d\u00e9signe le ph\u00e9nom\u00e8ne, l\u2019industrie de l\u2019automobile change \u00e0 un rythme rapide qui se r\u00e9percutera sur le secteur du march\u00e9 secondaire. Nous tenons \u00e0 d\u00e9mystifier les nouvelles technologies et les r\u00e9percussions qu\u2019elles peuvent avoir sur le secteur du march\u00e9 secondaire.<\/p>\n<p>Ce rapport s\u2019ins\u00e8re dans un plus vaste projet pr\u00e9vu pour l\u2019ann\u00e9e qui vient, dans le cadre duquel nous approfondirons ce que ces avanc\u00e9es signifient pour le march\u00e9 secondaire de l\u2019automobile et examinerons les meilleures strat\u00e9gies \u00e0 adopter par votre entreprise dans ce contexte changeant.<\/p>\n","protected":false},"excerpt":{"rendered":"<p>Innovation, technologies \u00e9mergentes, perturbateurs, nouvelles mobilit\u00e9s \u2013 peu importe comment on d\u00e9signe le ph\u00e9nom\u00e8ne, l\u2019industrie de l\u2019automobile change \u00e0 un rythme rapide qui se r\u00e9percutera sur le secteur du march\u00e9 secondaire. Nous tenons \u00e0 d\u00e9mystifier les nouvelles technologies et les r\u00e9percussions qu\u2019elles peuvent avoir sur le secteur du march\u00e9 secondaire. Ce rapport s\u2019ins\u00e8re dans un [&hellip;]<\/p>\n","protected":false},"featured_media":6236,"template":"","meta":{"_acf_changed":false},"product_brand":[],"product_cat":[106],"product_tag":[],"class_list":{"0":"post-6490","1":"product","2":"type-product","3":"status-publish","4":"has-post-thumbnail","6":"product_cat-tendances-et-portrait-de-lindustrie","8":"first","9":"instock","10":"downloadable","11":"virtual","12":"sold-individually","13":"taxable","14":"purchasable","15":"product-type-simple"},"acf":[],"aioseo_notices":[],"wpml_current_locale":"fr_CA","wpml_translations":[],"_links":{"self":[{"href":"https:\/\/www.aiacanada.com\/fr\/wp-json\/wp\/v2\/product\/6490","targetHints":{"allow":["GET"]}}],"collection":[{"href":"https:\/\/www.aiacanada.com\/fr\/wp-json\/wp\/v2\/product"}],"about":[{"href":"https:\/\/www.aiacanada.com\/fr\/wp-json\/wp\/v2\/types\/product"}],"wp:featuredmedia":[{"embeddable":true,"href":"https:\/\/www.aiacanada.com\/fr\/wp-json\/wp\/v2\/media\/6236"}],"wp:attachment":[{"href":"https:\/\/www.aiacanada.com\/fr\/wp-json\/wp\/v2\/media?parent=6490"}],"wp:term":[{"taxonomy":"product_brand","embeddable":true,"href":"https:\/\/www.aiacanada.com\/fr\/wp-json\/wp\/v2\/product_brand?post=6490"},{"taxonomy":"product_cat","embeddable":true,"href":"https:\/\/www.aiacanada.com\/fr\/wp-json\/wp\/v2\/product_cat?post=6490"},{"taxonomy":"product_tag","embeddable":true,"href":"https:\/\/www.aiacanada.com\/fr\/wp-json\/wp\/v2\/product_tag?post=6490"}],"curies":[{"name":"wp","href":"https:\/\/api.w.org\/{rel}","templated":true}]}}