{"id":6493,"date":"2016-11-30T00:00:00","date_gmt":"2016-11-30T05:00:00","guid":{"rendered":"https:\/\/aiacanada.com\/product\/la-vente-au-detail-en-ligne-habitudes-dachat-en-ligne-des-proprietaires-de-vehicule-canadiens\/"},"modified":"2023-01-18T15:46:38","modified_gmt":"2023-01-18T20:46:38","slug":"la-vente-au-detail-en-ligne-habitudes-dachat-en-ligne-des-proprietaires-de-vehicule-canadiens","status":"publish","type":"product","link":"https:\/\/www.aiacanada.com\/fr\/produit\/la-vente-au-detail-en-ligne-habitudes-dachat-en-ligne-des-proprietaires-de-vehicule-canadiens\/","title":{"rendered":"La vente au d\u00e9tail en ligne \u2013 Habitudes d\u2019achat en ligne des propri\u00e9taires de v\u00e9hicule canadiens"},"content":{"rendered":"<p>La vente au d\u00e9tail en ligne pourrait se r\u00e9percuter sur la fa\u00e7on dont vous exploitez votre entreprise du march\u00e9 secondaire de l\u2019automobile. Les Canadiens choisissent de plus en plus la commodit\u00e9 de r\u00e9aliser des achats \u00e0 la maison, incluant l\u2019achat en ligne de pi\u00e8ces et de liquides pour automobiles.<\/p>\n<p>La vente au d\u00e9tail en ligne \u2013 Habitudes d\u2019achat en ligne des propri\u00e9taires de v\u00e9hicule canadiens se penche de plus pr\u00e8s sur ce canal de vente, l\u2019un des secteurs de vente au d\u00e9tail \u00e0 plus forte croissance du march\u00e9 secondaire de l\u2019automobile. Donnant un aper\u00e7u de ce que pensent 2 000 automobilistes canadiens, ce rapport facile \u00e0 lire fait partie de la s\u00e9rie Comportement du consommateur.<\/p>\n","protected":false},"excerpt":{"rendered":"<p>La vente au d\u00e9tail en ligne pourrait se r\u00e9percuter sur la fa\u00e7on dont vous exploitez votre entreprise du march\u00e9 secondaire de l\u2019automobile. Les Canadiens choisissent de plus en plus la commodit\u00e9 de r\u00e9aliser des achats \u00e0 la maison, incluant l\u2019achat en ligne de pi\u00e8ces et de liquides pour automobiles. La vente au d\u00e9tail en ligne [&hellip;]<\/p>\n","protected":false},"featured_media":7128,"template":"","meta":{"_acf_changed":false},"product_brand":[],"product_cat":[105],"product_tag":[],"class_list":{"0":"post-6493","1":"product","2":"type-product","3":"status-publish","4":"has-post-thumbnail","6":"product_cat-tendances-des-consommateurs","8":"first","9":"instock","10":"downloadable","11":"virtual","12":"sold-individually","13":"taxable","14":"purchasable","15":"product-type-simple"},"acf":[],"aioseo_notices":[],"wpml_current_locale":"fr_CA","wpml_translations":[],"_links":{"self":[{"href":"https:\/\/www.aiacanada.com\/fr\/wp-json\/wp\/v2\/product\/6493","targetHints":{"allow":["GET"]}}],"collection":[{"href":"https:\/\/www.aiacanada.com\/fr\/wp-json\/wp\/v2\/product"}],"about":[{"href":"https:\/\/www.aiacanada.com\/fr\/wp-json\/wp\/v2\/types\/product"}],"wp:featuredmedia":[{"embeddable":true,"href":"https:\/\/www.aiacanada.com\/fr\/wp-json\/wp\/v2\/media\/7128"}],"wp:attachment":[{"href":"https:\/\/www.aiacanada.com\/fr\/wp-json\/wp\/v2\/media?parent=6493"}],"wp:term":[{"taxonomy":"product_brand","embeddable":true,"href":"https:\/\/www.aiacanada.com\/fr\/wp-json\/wp\/v2\/product_brand?post=6493"},{"taxonomy":"product_cat","embeddable":true,"href":"https:\/\/www.aiacanada.com\/fr\/wp-json\/wp\/v2\/product_cat?post=6493"},{"taxonomy":"product_tag","embeddable":true,"href":"https:\/\/www.aiacanada.com\/fr\/wp-json\/wp\/v2\/product_tag?post=6493"}],"curies":[{"name":"wp","href":"https:\/\/api.w.org\/{rel}","templated":true}]}}