{"id":6498,"date":"2012-04-01T00:00:00","date_gmt":"2012-04-01T04:00:00","guid":{"rendered":"https:\/\/aiacanada.com\/product\/le-secteur-canadien-des-services-en-automobile\/"},"modified":"2023-01-18T15:46:48","modified_gmt":"2023-01-18T20:46:48","slug":"le-secteur-canadien-des-services-en-automobile","status":"publish","type":"product","link":"https:\/\/www.aiacanada.com\/fr\/produit\/le-secteur-canadien-des-services-en-automobile\/","title":{"rendered":"Le secteur canadien des services en automobile"},"content":{"rendered":"<p>\u00c0 l\u2019automne 2011, l\u2019Association des industries de l\u2019automobile du Canada (AIA Canada) a retenu les services de J.D. Power and Associates pour mener une \u00e9tude qui mettrait en lumi\u00e8re les motivations et les facteurs influen\u00e7ant les comportements des consommateurs en mati\u00e8re de r\u00e9paration et d\u2019entretien de leur v\u00e9hicule. Con\u00e7ue pour profiter \u00e0 toutes les entreprises membres de l\u2019AIA Canada, l\u2019\u00e9tude avait comme objectif global de mieux comprendre les attitudes et les habitudes des consommateurs en ce qui a trait aux magasins. La phrase pr\u00e9c\u00e9dente contenait une rupture syntaxique.<\/p>\n","protected":false},"excerpt":{"rendered":"<p>\u00c0 l\u2019automne 2011, l\u2019Association des industries de l\u2019automobile du Canada (AIA Canada) a retenu les services de J.D. Power and Associates pour mener une \u00e9tude qui mettrait en lumi\u00e8re les motivations et les facteurs influen\u00e7ant les comportements des consommateurs en mati\u00e8re de r\u00e9paration et d\u2019entretien de leur v\u00e9hicule. Con\u00e7ue pour profiter \u00e0 toutes les entreprises [&hellip;]<\/p>\n","protected":false},"featured_media":6250,"template":"","meta":{"_acf_changed":false},"product_brand":[],"product_cat":[106],"product_tag":[],"class_list":{"0":"post-6498","1":"product","2":"type-product","3":"status-publish","4":"has-post-thumbnail","6":"product_cat-tendances-et-portrait-de-lindustrie","8":"first","9":"instock","10":"downloadable","11":"virtual","12":"sold-individually","13":"taxable","14":"purchasable","15":"product-type-simple"},"acf":[],"aioseo_notices":[],"wpml_current_locale":"fr_CA","wpml_translations":[],"_links":{"self":[{"href":"https:\/\/www.aiacanada.com\/fr\/wp-json\/wp\/v2\/product\/6498","targetHints":{"allow":["GET"]}}],"collection":[{"href":"https:\/\/www.aiacanada.com\/fr\/wp-json\/wp\/v2\/product"}],"about":[{"href":"https:\/\/www.aiacanada.com\/fr\/wp-json\/wp\/v2\/types\/product"}],"wp:featuredmedia":[{"embeddable":true,"href":"https:\/\/www.aiacanada.com\/fr\/wp-json\/wp\/v2\/media\/6250"}],"wp:attachment":[{"href":"https:\/\/www.aiacanada.com\/fr\/wp-json\/wp\/v2\/media?parent=6498"}],"wp:term":[{"taxonomy":"product_brand","embeddable":true,"href":"https:\/\/www.aiacanada.com\/fr\/wp-json\/wp\/v2\/product_brand?post=6498"},{"taxonomy":"product_cat","embeddable":true,"href":"https:\/\/www.aiacanada.com\/fr\/wp-json\/wp\/v2\/product_cat?post=6498"},{"taxonomy":"product_tag","embeddable":true,"href":"https:\/\/www.aiacanada.com\/fr\/wp-json\/wp\/v2\/product_tag?post=6498"}],"curies":[{"name":"wp","href":"https:\/\/api.w.org\/{rel}","templated":true}]}}