{"id":6504,"date":"2020-07-21T17:44:21","date_gmt":"2020-07-21T21:44:21","guid":{"rendered":"https:\/\/aiacanada.com\/?post_type=product&#038;p=6504"},"modified":"2023-01-18T15:46:09","modified_gmt":"2023-01-18T20:46:09","slug":"programmes-subventions-et-incitatifs-nationaux-et-provinciaux-un-guide-pour-les-apprenants-les-travailleurs-et-les-employeurs-de-lindustrie-du-marche-secondaire-de-lautomobile","status":"publish","type":"product","link":"https:\/\/www.aiacanada.com\/fr\/produit\/programmes-subventions-et-incitatifs-nationaux-et-provinciaux-un-guide-pour-les-apprenants-les-travailleurs-et-les-employeurs-de-lindustrie-du-marche-secondaire-de-lautomobile\/","title":{"rendered":"Programmes, subventions et incitatifs nationaux et provinciaux : un guide pour les apprenants, les travailleurs et les employeurs de l\u2019industrie du march\u00e9 secondaire de l\u2019automobile"},"content":{"rendered":"<p>Dans le plus r\u00e9cent guide de l\u2019AIA Canada, Programmes, subventions et incitatifs nationaux et provinciaux : Un guide pour les apprenants, les travailleurs et les employeurs de l\u2019industrie du march\u00e9 secondaire de l\u2019automobile, vous trouverez de l\u2019information sur le soutien financier et les programmes offerts \u00e0 l\u2019\u00e9chelle r\u00e9gionale et f\u00e9d\u00e9rale pour les client\u00e8les suivantes :<\/p>\n<ul>\n<li>les personnes qui envisagent une formation dans les m\u00e9tiers;<\/li>\n<li>les personnes qui suivent d\u00e9j\u00e0 une formation dans les m\u00e9tiers ou qui ont termin\u00e9 une formation dans les m\u00e9tiers; et,<\/li>\n<li>les entreprises et les employeurs.<\/li>\n<\/ul>\n<p>Ce guide est un outil inestimable pour quiconque cherche \u00e0 int\u00e9grer le march\u00e9 secondaire en tant que personne de m\u00e9tier sp\u00e9cialis\u00e9e, pour ceux qui veulent am\u00e9liorer leur formation et pour les employeurs qui veulent garder leur main-d\u2019\u0153uvre \u00e0 jour et pr\u00eate \u00e0 relever les d\u00e9fis de demain.<\/p>\n<p>Ces ressources sont class\u00e9es comme celles offertes par le gouvernement f\u00e9d\u00e9ral, les gouvernements des provinces ou des territoires<\/p>\n","protected":false},"excerpt":{"rendered":"<p>Dans le plus r\u00e9cent guide de l\u2019AIA Canada, Programmes, subventions et incitatifs nationaux et provinciaux : Un guide pour les apprenants, les travailleurs et les employeurs de l\u2019industrie du march\u00e9 secondaire de l\u2019automobile, vous trouverez de l\u2019information sur le soutien financier et les programmes offerts \u00e0 l\u2019\u00e9chelle r\u00e9gionale et f\u00e9d\u00e9rale pour les client\u00e8les suivantes : [&hellip;]<\/p>\n","protected":false},"featured_media":6262,"template":"","meta":{"_acf_changed":false},"product_brand":[],"product_cat":[106],"product_tag":[],"class_list":{"0":"post-6504","1":"product","2":"type-product","3":"status-publish","4":"has-post-thumbnail","6":"product_cat-tendances-et-portrait-de-lindustrie","8":"first","9":"instock","10":"downloadable","11":"virtual","12":"sold-individually","13":"taxable","14":"purchasable","15":"product-type-simple"},"acf":[],"aioseo_notices":[],"wpml_current_locale":"fr_CA","wpml_translations":[],"_links":{"self":[{"href":"https:\/\/www.aiacanada.com\/fr\/wp-json\/wp\/v2\/product\/6504","targetHints":{"allow":["GET"]}}],"collection":[{"href":"https:\/\/www.aiacanada.com\/fr\/wp-json\/wp\/v2\/product"}],"about":[{"href":"https:\/\/www.aiacanada.com\/fr\/wp-json\/wp\/v2\/types\/product"}],"wp:featuredmedia":[{"embeddable":true,"href":"https:\/\/www.aiacanada.com\/fr\/wp-json\/wp\/v2\/media\/6262"}],"wp:attachment":[{"href":"https:\/\/www.aiacanada.com\/fr\/wp-json\/wp\/v2\/media?parent=6504"}],"wp:term":[{"taxonomy":"product_brand","embeddable":true,"href":"https:\/\/www.aiacanada.com\/fr\/wp-json\/wp\/v2\/product_brand?post=6504"},{"taxonomy":"product_cat","embeddable":true,"href":"https:\/\/www.aiacanada.com\/fr\/wp-json\/wp\/v2\/product_cat?post=6504"},{"taxonomy":"product_tag","embeddable":true,"href":"https:\/\/www.aiacanada.com\/fr\/wp-json\/wp\/v2\/product_tag?post=6504"}],"curies":[{"name":"wp","href":"https:\/\/api.w.org\/{rel}","templated":true}]}}