{"id":6507,"date":"2014-12-02T00:00:00","date_gmt":"2014-12-02T05:00:00","guid":{"rendered":"https:\/\/aiacanada.com\/product\/etude-des-perspectives-2014\/"},"modified":"2023-01-18T15:46:44","modified_gmt":"2023-01-18T20:46:44","slug":"etude-des-perspectives-2014","status":"publish","type":"product","link":"https:\/\/www.aiacanada.com\/fr\/produit\/etude-des-perspectives-2014\/","title":{"rendered":"\u00c9tude des perspectives 2014"},"content":{"rendered":"<p>L\u2019\u00c9tude des perspectives fournit aux membres de l\u2019AIA Canada une vue d\u2019ensemble \u00e0 jour de l\u2019industrie du march\u00e9 secondaire et indique les pr\u00e9visions et les tendances qui se r\u00e9percuteront \u00e0 l\u2019avenir sur le march\u00e9 secondaire.<\/p>\n<p>L&#8217;\u00e9tude est disponible uniquement en anglais.<\/p>\n","protected":false},"excerpt":{"rendered":"<p>L\u2019\u00c9tude des perspectives fournit aux membres de l\u2019AIA Canada une vue d\u2019ensemble \u00e0 jour de l\u2019industrie du march\u00e9 secondaire et indique les pr\u00e9visions et les tendances qui se r\u00e9percuteront \u00e0 l\u2019avenir sur le march\u00e9 secondaire. L&#8217;\u00e9tude est disponible uniquement en anglais.<\/p>\n","protected":false},"featured_media":6128,"template":"","meta":{"_acf_changed":false},"product_brand":[],"product_cat":[106],"product_tag":[],"class_list":{"0":"post-6507","1":"product","2":"type-product","3":"status-publish","4":"has-post-thumbnail","6":"product_cat-tendances-et-portrait-de-lindustrie","8":"first","9":"instock","10":"downloadable","11":"virtual","12":"sold-individually","13":"taxable","14":"purchasable","15":"product-type-simple"},"acf":[],"aioseo_notices":[],"wpml_current_locale":"fr_CA","wpml_translations":[],"_links":{"self":[{"href":"https:\/\/www.aiacanada.com\/fr\/wp-json\/wp\/v2\/product\/6507","targetHints":{"allow":["GET"]}}],"collection":[{"href":"https:\/\/www.aiacanada.com\/fr\/wp-json\/wp\/v2\/product"}],"about":[{"href":"https:\/\/www.aiacanada.com\/fr\/wp-json\/wp\/v2\/types\/product"}],"wp:featuredmedia":[{"embeddable":true,"href":"https:\/\/www.aiacanada.com\/fr\/wp-json\/wp\/v2\/media\/6128"}],"wp:attachment":[{"href":"https:\/\/www.aiacanada.com\/fr\/wp-json\/wp\/v2\/media?parent=6507"}],"wp:term":[{"taxonomy":"product_brand","embeddable":true,"href":"https:\/\/www.aiacanada.com\/fr\/wp-json\/wp\/v2\/product_brand?post=6507"},{"taxonomy":"product_cat","embeddable":true,"href":"https:\/\/www.aiacanada.com\/fr\/wp-json\/wp\/v2\/product_cat?post=6507"},{"taxonomy":"product_tag","embeddable":true,"href":"https:\/\/www.aiacanada.com\/fr\/wp-json\/wp\/v2\/product_tag?post=6507"}],"curies":[{"name":"wp","href":"https:\/\/api.w.org\/{rel}","templated":true}]}}