{"id":6508,"date":"2017-10-30T00:00:00","date_gmt":"2017-10-30T04:00:00","guid":{"rendered":"https:\/\/aiacanada.com\/product\/le-rapport-perturbateurs-du-marche-secondaire-de-lautomobile-feuille-de-route-vers-un-avenir-durable\/"},"modified":"2023-01-18T15:46:34","modified_gmt":"2023-01-18T20:46:34","slug":"le-rapport-perturbateurs-du-marche-secondaire-de-lautomobile-feuille-de-route-vers-un-avenir-durable","status":"publish","type":"product","link":"https:\/\/www.aiacanada.com\/fr\/produit\/le-rapport-perturbateurs-du-marche-secondaire-de-lautomobile-feuille-de-route-vers-un-avenir-durable\/","title":{"rendered":"Le rapport Perturbateurs du march\u00e9 secondaire de l\u2019automobile \u2013 Feuille de route vers un avenir durable"},"content":{"rendered":"<p>Le rapport \u00ab Perturbateurs du march\u00e9 secondaire de l\u2019automobile \u2013 Feuille de route vers un avenir durable \u00bb va plus loin dans l\u2019analyse des perturbateurs technologiques. R\u00e9dig\u00e9 \u00e0 l\u2019intention de l\u2019industrie du march\u00e9 secondaire, il traite des questions difficiles, telles que \u00ab Comment ces changements technologiques se r\u00e9percutent-ils sur l\u2019industrie du march\u00e9 secondaire de l\u2019automobile au Canada? \u00bb; \u00ab Quel en est le calendrier? \u00bb et surtout \u00ab Que peut faire l\u2019industrie pour tirer parti des possibilit\u00e9s et \u00e9viter les pi\u00e8ges? \u00bb Mais ce n\u2019est pas tout. Le rapport pr\u00e9sente une feuille de route claire pour les principaux segments de l\u2019industrie, de m\u00eame qu\u2019un calendrier de la mani\u00e8re dont ces changements pourraient survenir.<\/p>\n<p>Ce rapport indispensable pour votre entreprise vous aidera \u00e0 vous adapter \u00e0 une industrie en mutation pour en sortir gagnant!<\/p>\n","protected":false},"excerpt":{"rendered":"<p>Le rapport \u00ab Perturbateurs du march\u00e9 secondaire de l\u2019automobile \u2013 Feuille de route vers un avenir durable \u00bb va plus loin dans l\u2019analyse des perturbateurs technologiques. R\u00e9dig\u00e9 \u00e0 l\u2019intention de l\u2019industrie du march\u00e9 secondaire, il traite des questions difficiles, telles que \u00ab Comment ces changements technologiques se r\u00e9percutent-ils sur l\u2019industrie du march\u00e9 secondaire de l\u2019automobile [&hellip;]<\/p>\n","protected":false},"featured_media":6230,"template":"","meta":{"_acf_changed":false},"product_brand":[],"product_cat":[106],"product_tag":[],"class_list":{"0":"post-6508","1":"product","2":"type-product","3":"status-publish","4":"has-post-thumbnail","6":"product_cat-tendances-et-portrait-de-lindustrie","8":"first","9":"instock","10":"downloadable","11":"virtual","12":"sold-individually","13":"taxable","14":"purchasable","15":"product-type-simple"},"acf":[],"aioseo_notices":[],"wpml_current_locale":"fr_CA","wpml_translations":[],"_links":{"self":[{"href":"https:\/\/www.aiacanada.com\/fr\/wp-json\/wp\/v2\/product\/6508","targetHints":{"allow":["GET"]}}],"collection":[{"href":"https:\/\/www.aiacanada.com\/fr\/wp-json\/wp\/v2\/product"}],"about":[{"href":"https:\/\/www.aiacanada.com\/fr\/wp-json\/wp\/v2\/types\/product"}],"wp:featuredmedia":[{"embeddable":true,"href":"https:\/\/www.aiacanada.com\/fr\/wp-json\/wp\/v2\/media\/6230"}],"wp:attachment":[{"href":"https:\/\/www.aiacanada.com\/fr\/wp-json\/wp\/v2\/media?parent=6508"}],"wp:term":[{"taxonomy":"product_brand","embeddable":true,"href":"https:\/\/www.aiacanada.com\/fr\/wp-json\/wp\/v2\/product_brand?post=6508"},{"taxonomy":"product_cat","embeddable":true,"href":"https:\/\/www.aiacanada.com\/fr\/wp-json\/wp\/v2\/product_cat?post=6508"},{"taxonomy":"product_tag","embeddable":true,"href":"https:\/\/www.aiacanada.com\/fr\/wp-json\/wp\/v2\/product_tag?post=6508"}],"curies":[{"name":"wp","href":"https:\/\/api.w.org\/{rel}","templated":true}]}}