{"id":6509,"date":"2017-02-22T00:00:00","date_gmt":"2017-02-22T05:00:00","guid":{"rendered":"https:\/\/aiacanada.com\/product\/renseignements-sur-lentretien-automobile-quels-canaux-medias-les-canadiens-utilisent-ils\/"},"modified":"2023-01-18T15:46:36","modified_gmt":"2023-01-18T20:46:36","slug":"renseignements-sur-lentretien-automobile-quels-canaux-medias-les-canadiens-utilisent-ils","status":"publish","type":"product","link":"https:\/\/www.aiacanada.com\/fr\/produit\/renseignements-sur-lentretien-automobile-quels-canaux-medias-les-canadiens-utilisent-ils\/","title":{"rendered":"Renseignements sur l\u2019entretien automobile \u2013 Quels canaux m\u00e9dias les Canadiens utilisent-ils?"},"content":{"rendered":"<p>Quels renseignements d\u00e9terminent le comportement des propri\u00e9taires d\u2019automobiles? O\u00f9 cherchent-ils de l\u2019information sur l\u2019entretien et la r\u00e9paration de v\u00e9hicules? Font-ils rapidement une recherche Google ou sont-ils influenc\u00e9s par les annonces dans les m\u00e9dias imprim\u00e9s? Et surtout, dans quelle mesure font-ils confiance \u00e0 chacune de ces sources?<\/p>\n<p>Renseignements sur l\u2019entretien automobile \u2013 Quels canaux m\u00e9dias les Canadiens utilisent-ils? est une \u00e9tude r\u00e9alis\u00e9e sur les propri\u00e9taires d\u2019automobiles et leur attitudes envers les renseignements concernant la r\u00e9paration de v\u00e9hicules. Comprendre quels canaux m\u00e9dias sont utilis\u00e9s peut donner des r\u00e9ponses pour guider les strat\u00e9gies de communications et de commercialisation des entreprises faisant partie de l\u2019industrie du march\u00e9 secondaire au Canada.<\/p>\n","protected":false},"excerpt":{"rendered":"<p>Quels renseignements d\u00e9terminent le comportement des propri\u00e9taires d\u2019automobiles? O\u00f9 cherchent-ils de l\u2019information sur l\u2019entretien et la r\u00e9paration de v\u00e9hicules? Font-ils rapidement une recherche Google ou sont-ils influenc\u00e9s par les annonces dans les m\u00e9dias imprim\u00e9s? Et surtout, dans quelle mesure font-ils confiance \u00e0 chacune de ces sources? Renseignements sur l\u2019entretien automobile \u2013 Quels canaux m\u00e9dias les [&hellip;]<\/p>\n","protected":false},"featured_media":6267,"template":"","meta":{"_acf_changed":false},"product_brand":[],"product_cat":[105],"product_tag":[],"class_list":{"0":"post-6509","1":"product","2":"type-product","3":"status-publish","4":"has-post-thumbnail","6":"product_cat-tendances-des-consommateurs","8":"first","9":"instock","10":"downloadable","11":"virtual","12":"sold-individually","13":"taxable","14":"purchasable","15":"product-type-simple"},"acf":[],"aioseo_notices":[],"wpml_current_locale":"fr_CA","wpml_translations":[],"_links":{"self":[{"href":"https:\/\/www.aiacanada.com\/fr\/wp-json\/wp\/v2\/product\/6509","targetHints":{"allow":["GET"]}}],"collection":[{"href":"https:\/\/www.aiacanada.com\/fr\/wp-json\/wp\/v2\/product"}],"about":[{"href":"https:\/\/www.aiacanada.com\/fr\/wp-json\/wp\/v2\/types\/product"}],"wp:featuredmedia":[{"embeddable":true,"href":"https:\/\/www.aiacanada.com\/fr\/wp-json\/wp\/v2\/media\/6267"}],"wp:attachment":[{"href":"https:\/\/www.aiacanada.com\/fr\/wp-json\/wp\/v2\/media?parent=6509"}],"wp:term":[{"taxonomy":"product_brand","embeddable":true,"href":"https:\/\/www.aiacanada.com\/fr\/wp-json\/wp\/v2\/product_brand?post=6509"},{"taxonomy":"product_cat","embeddable":true,"href":"https:\/\/www.aiacanada.com\/fr\/wp-json\/wp\/v2\/product_cat?post=6509"},{"taxonomy":"product_tag","embeddable":true,"href":"https:\/\/www.aiacanada.com\/fr\/wp-json\/wp\/v2\/product_tag?post=6509"}],"curies":[{"name":"wp","href":"https:\/\/api.w.org\/{rel}","templated":true}]}}