{"id":6511,"date":"2022-01-19T00:00:00","date_gmt":"2022-01-19T05:00:00","guid":{"rendered":"https:\/\/aiacanada.com\/product\/sommaire-executif-la-vente-au-detail-en-ligne-achat-en-ligne-de-pieces-et-liquides-pour-vehicule-les-points-de-vue-de-2-000-proprietaires-de-voitures-canadiens\/"},"modified":"2023-01-18T15:46:00","modified_gmt":"2023-01-18T20:46:00","slug":"sommaire-executif-la-vente-au-detail-en-ligne-achat-en-ligne-de-pieces-et-liquides-pour-vehicule-les-points-de-vue-de-2-000-proprietaires-de-voitures-canadiens","status":"publish","type":"product","link":"https:\/\/www.aiacanada.com\/fr\/produit\/sommaire-executif-la-vente-au-detail-en-ligne-achat-en-ligne-de-pieces-et-liquides-pour-vehicule-les-points-de-vue-de-2-000-proprietaires-de-voitures-canadiens\/","title":{"rendered":"(Sommaire ex\u00e9cutif) La vente au d\u00e9tail en ligne &#8211; Achat en ligne de pi\u00e8ces et liquides pour v\u00e9hicule : Les points de vue de 2 000 propri\u00e9taires de voitures canadiens"},"content":{"rendered":"<p><strong>Sommaire ex\u00e9cutif<\/strong><br \/>\nAvant m\u00eame la propagation de la COVID-19, les gens achetaient de plus en plus de biens en ligne. Mais dans la foul\u00e9e de la pand\u00e9mie, les d\u00e9taillants en ligne sont devenus le moyen le plus efficace de magasiner pour de nombreux Canadiens.<\/p>\n<p>\u00c9videmment, ce ph\u00e9nom\u00e8ne s\u2019est av\u00e9r\u00e9 un filon en or pour les sites Web de renom, mais quel a \u00e9t\u00e9 son impact sur le march\u00e9 secondaire de l\u2019automobile? Notre plus r\u00e9cent rapport de la s\u00e9rie Comportement du consommateur, intitul\u00e9 La vente au d\u00e9tail en ligne \u2014 Achats en ligne de pi\u00e8ces et liquides pour v\u00e9hicule, se penche sur les effets qu\u2019a eu la pand\u00e9mie sur la fa\u00e7on dont les automobilistes canadiens font appel aux d\u00e9taillants en ligne pour se procurer des pi\u00e8ces et des fluides d\u2019automobile.<\/p>\n<p>Quels consommateurs \u00e9taient les plus susceptibles de magasiner en ligne pour se procurer des pi\u00e8ces de voiture? Qu\u2019ont-ils achet\u00e9 et o\u00f9 ont-ils fait leurs achats? Qu\u2019ont-ils fait de ce qu\u2019ils ont achet\u00e9? Le rapport cherche aussi \u00e0 \u00e9tablir si cette tendance est une simple r\u00e9action \u00e0 la pand\u00e9mie ou si elle subsistera.<\/p>\n<p>La s\u00e9rie Comportement du consommateur aide les membres de l\u2019AIA Canada \u00e0 garder une longueur d\u2019avance en leur procurant des donn\u00e9es concr\u00e8tes et une analyse qui permettent aux entreprises de prendre les d\u00e9cisions strat\u00e9giques n\u00e9cessaires pour rester concurrentielles au sein d\u2019un march\u00e9 secondaire en constante \u00e9volution.<\/p>\n","protected":false},"excerpt":{"rendered":"<p>Sommaire ex\u00e9cutif Avant m\u00eame la propagation de la COVID-19, les gens achetaient de plus en plus de biens en ligne. Mais dans la foul\u00e9e de la pand\u00e9mie, les d\u00e9taillants en ligne sont devenus le moyen le plus efficace de magasiner pour de nombreux Canadiens. \u00c9videmment, ce ph\u00e9nom\u00e8ne s\u2019est av\u00e9r\u00e9 un filon en or pour les [&hellip;]<\/p>\n","protected":false},"featured_media":6171,"template":"","meta":{"_acf_changed":false},"product_brand":[],"product_cat":[105],"product_tag":[],"class_list":{"0":"post-6511","1":"product","2":"type-product","3":"status-publish","4":"has-post-thumbnail","6":"product_cat-tendances-des-consommateurs","8":"first","9":"instock","10":"downloadable","11":"virtual","12":"sold-individually","13":"taxable","14":"purchasable","15":"product-type-simple"},"acf":[],"aioseo_notices":[],"wpml_current_locale":"fr_CA","wpml_translations":[],"_links":{"self":[{"href":"https:\/\/www.aiacanada.com\/fr\/wp-json\/wp\/v2\/product\/6511","targetHints":{"allow":["GET"]}}],"collection":[{"href":"https:\/\/www.aiacanada.com\/fr\/wp-json\/wp\/v2\/product"}],"about":[{"href":"https:\/\/www.aiacanada.com\/fr\/wp-json\/wp\/v2\/types\/product"}],"wp:featuredmedia":[{"embeddable":true,"href":"https:\/\/www.aiacanada.com\/fr\/wp-json\/wp\/v2\/media\/6171"}],"wp:attachment":[{"href":"https:\/\/www.aiacanada.com\/fr\/wp-json\/wp\/v2\/media?parent=6511"}],"wp:term":[{"taxonomy":"product_brand","embeddable":true,"href":"https:\/\/www.aiacanada.com\/fr\/wp-json\/wp\/v2\/product_brand?post=6511"},{"taxonomy":"product_cat","embeddable":true,"href":"https:\/\/www.aiacanada.com\/fr\/wp-json\/wp\/v2\/product_cat?post=6511"},{"taxonomy":"product_tag","embeddable":true,"href":"https:\/\/www.aiacanada.com\/fr\/wp-json\/wp\/v2\/product_tag?post=6511"}],"curies":[{"name":"wp","href":"https:\/\/api.w.org\/{rel}","templated":true}]}}