{"id":6607,"date":"2021-05-01T00:00:00","date_gmt":"2021-05-01T04:00:00","guid":{"rendered":"https:\/\/aiacanada.com\/product\/loutil-interactif-de-visualisation-des-donnees\/"},"modified":"2023-01-18T15:46:06","modified_gmt":"2023-01-18T20:46:06","slug":"loutil-interactif-de-visualisation-des-donnees","status":"publish","type":"product","link":"https:\/\/www.aiacanada.com\/fr\/produit\/loutil-interactif-de-visualisation-des-donnees\/","title":{"rendered":"L&#8217;outil interactif de visualisation des donn\u00e9es"},"content":{"rendered":"<p>Cet outil interactif de visualisation des donn\u00e9es comprend des points de donn\u00e9es pertinents de l&#8217;\u00e9tude sur les perspectives 2020 pour que les entreprises du march\u00e9 secondaire aient acc\u00e8s \u00e0 des donn\u00e9es pr\u00e9cises pour faire des choix strat\u00e9giques. Cet outil convivial permet aux professionnels du march\u00e9 secondaire, qui sont tr\u00e8s occup\u00e9s, de trouver les points importants pour eux parmi une multitude de donn\u00e9es, de comparer les valeurs de dizaines d\u2019ensembles de donn\u00e9es et d\u2019\u00e9tudier les tendances qui se dessinent d\u2019une ann\u00e9e \u00e0 l\u2019autre.<\/p>\n<p>Pr\u00e9sent\u00e9 dans un format de fichier Microsoft Excel,* cet outil offre une interface simple et claire, qui permet au lecteur de trier et d\u2019ordonner les donn\u00e9es de la mani\u00e8re la plus adapt\u00e9e \u00e0 ses besoins. Que vous recherchiez les ventes de v\u00e9hicules par marque et mod\u00e8le ou les derni\u00e8res donn\u00e9es sur l\u2019emploi, vous trouverez tout cela gr\u00e2ce \u00e0 cet outil.<\/p>\n<p>L&#8217;outil interactif de visualisation des donn\u00e9es est disponible en anglais seulement.<\/p>\n<p>*Avertissement : Ce fichier Excel utilise des macros. L\u2019AIA Canada a fait preuve de diligence raisonnable pour s\u2019assurer qu\u2019il ne contient aucun code nuisible ou malveillant. Nous recommandons \u00e0 tous les utilisateurs d\u2019avoir un logiciel antivirus \u00e0 jour, capable de contr\u00f4ler les macros de Microsoft Office.<\/p>\n<p><strong>*version 2.0 \u2013 mise \u00e0 jour mai 2021<\/strong><\/p>\n","protected":false},"excerpt":{"rendered":"<p>Cet outil interactif de visualisation des donn\u00e9es comprend des points de donn\u00e9es pertinents de l&#8217;\u00e9tude sur les perspectives 2020 pour que les entreprises du march\u00e9 secondaire aient acc\u00e8s \u00e0 des donn\u00e9es pr\u00e9cises pour faire des choix strat\u00e9giques. Cet outil convivial permet aux professionnels du march\u00e9 secondaire, qui sont tr\u00e8s occup\u00e9s, de trouver les points importants [&hellip;]<\/p>\n","protected":false},"featured_media":6580,"template":"","meta":{"_acf_changed":false},"product_brand":[],"product_cat":[103],"product_tag":[],"class_list":{"0":"post-6607","1":"product","2":"type-product","3":"status-publish","4":"has-post-thumbnail","6":"product_cat-outils-de-lindustrie","8":"first","9":"instock","10":"downloadable","11":"virtual","12":"sold-individually","13":"taxable","14":"product-type-simple"},"acf":[],"aioseo_notices":[],"wpml_current_locale":"fr_CA","wpml_translations":[],"_links":{"self":[{"href":"https:\/\/www.aiacanada.com\/fr\/wp-json\/wp\/v2\/product\/6607","targetHints":{"allow":["GET"]}}],"collection":[{"href":"https:\/\/www.aiacanada.com\/fr\/wp-json\/wp\/v2\/product"}],"about":[{"href":"https:\/\/www.aiacanada.com\/fr\/wp-json\/wp\/v2\/types\/product"}],"wp:featuredmedia":[{"embeddable":true,"href":"https:\/\/www.aiacanada.com\/fr\/wp-json\/wp\/v2\/media\/6580"}],"wp:attachment":[{"href":"https:\/\/www.aiacanada.com\/fr\/wp-json\/wp\/v2\/media?parent=6607"}],"wp:term":[{"taxonomy":"product_brand","embeddable":true,"href":"https:\/\/www.aiacanada.com\/fr\/wp-json\/wp\/v2\/product_brand?post=6607"},{"taxonomy":"product_cat","embeddable":true,"href":"https:\/\/www.aiacanada.com\/fr\/wp-json\/wp\/v2\/product_cat?post=6607"},{"taxonomy":"product_tag","embeddable":true,"href":"https:\/\/www.aiacanada.com\/fr\/wp-json\/wp\/v2\/product_tag?post=6607"}],"curies":[{"name":"wp","href":"https:\/\/api.w.org\/{rel}","templated":true}]}}