{"id":6610,"date":"2022-08-11T00:00:00","date_gmt":"2022-08-11T04:00:00","guid":{"rendered":"https:\/\/aiacanada.com\/product\/comprendre-la-generation-y-un-portrait-succinct-des-jeunes-proprietaires-de-vehicules-2021-2022\/"},"modified":"2023-01-18T15:45:53","modified_gmt":"2023-01-18T20:45:53","slug":"comprendre-la-generation-y-un-portrait-succinct-des-jeunes-proprietaires-de-vehicules-2021-2022","status":"publish","type":"product","link":"https:\/\/www.aiacanada.com\/fr\/produit\/comprendre-la-generation-y-un-portrait-succinct-des-jeunes-proprietaires-de-vehicules-2021-2022\/","title":{"rendered":"Comprendre la g\u00e9n\u00e9ration Y : Un portrait succinct des jeunes propri\u00e9taires de v\u00e9hicules 2021-2022"},"content":{"rendered":"<p>La g\u00e9n\u00e9ration Y constitue un pan important de l\u2019\u00e9conomie canadienne et le demeurera probablement pendant les 40 prochaines ann\u00e9es. La fa\u00e7on dont elle envisage l\u2019entretien et la r\u00e9paration de leurs v\u00e9hicules a et continuera d\u2019avoir un impact majeur sur l\u2019industrie du march\u00e9 secondaire de l\u2019automobile pour les prochaines d\u00e9cennies.<\/p>\n<p>Pour ce plus r\u00e9cent rapport de la s\u00e9rie Comportement du consommateur, Comprendre la g\u00e9n\u00e9ration Y : Un portrait succinct des jeunes propri\u00e9taires de v\u00e9hicules &#8211; 2021-2022, nous avons \u00e9tudi\u00e9 les r\u00e9ponses des propri\u00e9taires de v\u00e9hicules au Canada \u00e2g\u00e9s de 24 \u00e0 44 ans. Nous avons analys\u00e9 leur position quant \u00e0 l\u2019entretien de leur v\u00e9hicule, leur relation avec leur FSA et leurs convictions quant au droit \u00e0 la r\u00e9paration.<\/p>\n<p>Nous avons \u00e9galement compar\u00e9 leurs r\u00e9ponses \u00e0 celles de l\u2019ensemble de la population canadienne. Il s\u2019av\u00e8re que les personnes de la g\u00e9n\u00e9ration Y sont :<\/p>\n<ul>\n<li>Plus susceptibles de se sentir d\u00e9munies lorsqu\u2019ils se pr\u00e9sentent avec leur v\u00e9hicule pour un entretien ou une r\u00e9paration.<\/li>\n<li>Plus susceptibles de faire des achats de pi\u00e8ces automobiles en ligne.<\/li>\n<li>Plus susceptibles de faire appel \u00e0 des FSA par le biais de leurs t\u00e9l\u00e9phones intelligents.<\/li>\n<\/ul>\n<p>Ce rapport est essentiel pour toute entreprise qui cherche \u00e0 se constituer une plus grande client\u00e8le parmi la g\u00e9n\u00e9ration Y.<\/p>\n","protected":false},"excerpt":{"rendered":"<p>La g\u00e9n\u00e9ration Y constitue un pan important de l\u2019\u00e9conomie canadienne et le demeurera probablement pendant les 40 prochaines ann\u00e9es. La fa\u00e7on dont elle envisage l\u2019entretien et la r\u00e9paration de leurs v\u00e9hicules a et continuera d\u2019avoir un impact majeur sur l\u2019industrie du march\u00e9 secondaire de l\u2019automobile pour les prochaines d\u00e9cennies. Pour ce plus r\u00e9cent rapport de [&hellip;]<\/p>\n","protected":false},"featured_media":6589,"template":"","meta":{"_acf_changed":false},"product_brand":[],"product_cat":[105],"product_tag":[],"class_list":{"0":"post-6610","1":"product","2":"type-product","3":"status-publish","4":"has-post-thumbnail","6":"product_cat-tendances-des-consommateurs","8":"first","9":"instock","10":"downloadable","11":"virtual","12":"sold-individually","13":"taxable","14":"purchasable","15":"product-type-simple"},"acf":[],"aioseo_notices":[],"wpml_current_locale":"fr_CA","wpml_translations":[],"_links":{"self":[{"href":"https:\/\/www.aiacanada.com\/fr\/wp-json\/wp\/v2\/product\/6610","targetHints":{"allow":["GET"]}}],"collection":[{"href":"https:\/\/www.aiacanada.com\/fr\/wp-json\/wp\/v2\/product"}],"about":[{"href":"https:\/\/www.aiacanada.com\/fr\/wp-json\/wp\/v2\/types\/product"}],"wp:featuredmedia":[{"embeddable":true,"href":"https:\/\/www.aiacanada.com\/fr\/wp-json\/wp\/v2\/media\/6589"}],"wp:attachment":[{"href":"https:\/\/www.aiacanada.com\/fr\/wp-json\/wp\/v2\/media?parent=6610"}],"wp:term":[{"taxonomy":"product_brand","embeddable":true,"href":"https:\/\/www.aiacanada.com\/fr\/wp-json\/wp\/v2\/product_brand?post=6610"},{"taxonomy":"product_cat","embeddable":true,"href":"https:\/\/www.aiacanada.com\/fr\/wp-json\/wp\/v2\/product_cat?post=6610"},{"taxonomy":"product_tag","embeddable":true,"href":"https:\/\/www.aiacanada.com\/fr\/wp-json\/wp\/v2\/product_tag?post=6610"}],"curies":[{"name":"wp","href":"https:\/\/api.w.org\/{rel}","templated":true}]}}