{"id":7378,"date":"2022-10-20T20:24:36","date_gmt":"2022-10-21T00:24:36","guid":{"rendered":"https:\/\/aiacanada.com\/?post_type=product&#038;p=7378"},"modified":"2023-01-18T15:45:52","modified_gmt":"2023-01-18T20:45:52","slug":"etude-des-perspectives-2022","status":"publish","type":"product","link":"https:\/\/www.aiacanada.com\/fr\/produit\/etude-des-perspectives-2022\/","title":{"rendered":"\u00c9tude des perspectives 2022"},"content":{"rendered":"<p>L\u2019\u00c9tude des perspectives de l\u2019AIA Canada est notre rapport phare, attendu avec impatience par les professionnels et les cadres du secteur de l\u2019entretien automobile. Avec un ensemble complet de donn\u00e9es et une analyse approfondie, ce rapport vous aidera \u00e0 prendre des d\u00e9cisions strat\u00e9giques pour la croissance de votre entreprise.<\/p>\n<p>Produite par Ernst &amp; Young LLP (EY) pour l\u2019AIA Canada et revue par un groupe d\u2019experts de l\u2019industrie, l\u2019\u00c9tude des perspectives 2022 contient des id\u00e9es et une analyse sur des questions cl\u00e9s pour l\u2019industrie canadienne du secteur de l\u2019entretien automobile, telles que :<\/p>\n<ul>\n<li>Quel type de v\u00e9hicules se trouvent sur les routes canadiennes et combien y en a-t-il?<\/li>\n<li>Quelle est la rapidit\u00e9 avec laquelle les Canadiens remplacent-ils les pi\u00e8ces de leur v\u00e9hicule?<\/li>\n<li>Quelle est la probabilit\u00e9 qu\u2019ils retardent l\u2019entretien?<\/li>\n<li>Comment la pand\u00e9mie a-t-elle affect\u00e9 le march\u00e9 secondaire?<\/li>\n<li>Et plus encore!<\/li>\n<\/ul>\n<p>Pour tirer le maximum de l\u2019\u00c9tude des perspectives et des donn\u00e9es qu\u2019elle contient, t\u00e9l\u00e9chargez l\u2019Outil de visualisation des donn\u00e9es 2.0 pour une analyse approfondie des statistiques.<\/p>\n<p>Vous ne savez pas si l\u2019\u00c9tude des perspectives est pertinente pour votre planification d\u2019entreprise? T\u00e9l\u00e9chargez le sommaire ex\u00e9cutif pour obtenir les faits saillants de l\u2019\u00c9tude.<\/p>\n<p>Les conclusions de l\u2019\u00c9tude des perspectives et l\u2019Outil de visualisation des donn\u00e9es 2.0 ont \u00e9t\u00e9 v\u00e9rifi\u00e9s et valid\u00e9s par la communaut\u00e9 de pratique de l\u2019\u00c9tude des perspectives 2022 de l\u2019AIA Canada. Les personnes qui ont particip\u00e9, de l\u2019\u00e9laboration \u00e0 la version finale de l\u2019\u00c9tude des perspectives 2022, sont :<\/p>\n<ul>\n<li>Zachary Zeraldo, Canadian Tire<\/li>\n<li>Murray Voth, Formation RPM<\/li>\n<li>Brahim Baccouche, UAP Inc.<\/li>\n<li>Chris Kinghorn, UAP Inc.<\/li>\n<li>Zineb Ahnou, Uni-Select Canada<\/li>\n<li>Mauro Barra, Uni-Select Canada<\/li>\n<li>Nathaniel Willsie, Grote Industries<\/li>\n<\/ul>\n<p>Des remerciements particuliers sont adress\u00e9s \u00e0 Michael Chung, directeur de l\u2019intelligence de march\u00e9 au sein de l\u2019Auto Care Association (\u00c9tats-Unis).<\/p>\n","protected":false},"excerpt":{"rendered":"<p>L\u2019\u00c9tude des perspectives de l\u2019AIA Canada est notre rapport phare, attendu avec impatience par les professionnels et les cadres du secteur de l\u2019entretien automobile. Avec un ensemble complet de donn\u00e9es et une analyse approfondie, ce rapport vous aidera \u00e0 prendre des d\u00e9cisions strat\u00e9giques pour la croissance de votre entreprise. Produite par Ernst &amp; Young LLP [&hellip;]<\/p>\n","protected":false},"featured_media":7042,"template":"","meta":{"_acf_changed":false},"product_brand":[],"product_cat":[106],"product_tag":[],"class_list":{"0":"post-7378","1":"product","2":"type-product","3":"status-publish","4":"has-post-thumbnail","6":"product_cat-tendances-et-portrait-de-lindustrie","8":"first","9":"instock","10":"downloadable","11":"virtual","12":"sold-individually","13":"taxable","14":"product-type-simple"},"acf":[],"aioseo_notices":[],"wpml_current_locale":"fr_CA","wpml_translations":[],"_links":{"self":[{"href":"https:\/\/www.aiacanada.com\/fr\/wp-json\/wp\/v2\/product\/7378","targetHints":{"allow":["GET"]}}],"collection":[{"href":"https:\/\/www.aiacanada.com\/fr\/wp-json\/wp\/v2\/product"}],"about":[{"href":"https:\/\/www.aiacanada.com\/fr\/wp-json\/wp\/v2\/types\/product"}],"wp:featuredmedia":[{"embeddable":true,"href":"https:\/\/www.aiacanada.com\/fr\/wp-json\/wp\/v2\/media\/7042"}],"wp:attachment":[{"href":"https:\/\/www.aiacanada.com\/fr\/wp-json\/wp\/v2\/media?parent=7378"}],"wp:term":[{"taxonomy":"product_brand","embeddable":true,"href":"https:\/\/www.aiacanada.com\/fr\/wp-json\/wp\/v2\/product_brand?post=7378"},{"taxonomy":"product_cat","embeddable":true,"href":"https:\/\/www.aiacanada.com\/fr\/wp-json\/wp\/v2\/product_cat?post=7378"},{"taxonomy":"product_tag","embeddable":true,"href":"https:\/\/www.aiacanada.com\/fr\/wp-json\/wp\/v2\/product_tag?post=7378"}],"curies":[{"name":"wp","href":"https:\/\/api.w.org\/{rel}","templated":true}]}}