{"id":7513,"date":"2022-10-20T21:15:17","date_gmt":"2022-10-21T01:15:17","guid":{"rendered":"https:\/\/aiacanada.com\/?post_type=product&#038;p=7513"},"modified":"2024-06-11T15:49:47","modified_gmt":"2024-06-11T19:49:47","slug":"loutil-de-visualisation-des-donnees-2-0","status":"publish","type":"product","link":"https:\/\/www.aiacanada.com\/fr\/produit\/loutil-de-visualisation-des-donnees-2-0\/","title":{"rendered":"L\u2019Outil de visualisation des donn\u00e9es 2.0"},"content":{"rendered":"<p>Cet outil interactif accompagne l\u2019\u00c9tude des perspectives 2022. Il permet \u00e0 l\u2019utilisateur de donner un sens aux donn\u00e9es en lui permettant de :<\/p>\n<ul>\n<li data-gc-list-depth=\"1\" data-gc-list-style=\"bullet\">Passer rapidement en revue de multiples points de donn\u00e9es<\/li>\n<li data-gc-list-depth=\"1\" data-gc-list-style=\"bullet\">Comparer les valeurs d\u2019une ann\u00e9e \u00e0 l\u2019autre<\/li>\n<li data-gc-list-depth=\"1\" data-gc-list-style=\"bullet\">Isoler les donn\u00e9es de diff\u00e9rentes r\u00e9gions du Canada<\/li>\n<li data-gc-list-depth=\"1\" data-gc-list-style=\"bullet\">Et plus encore!<\/li>\n<\/ul>\n<p>Con\u00e7u \u00e0 l\u2019aide d\u2019un fichier Excel de Microsoft, l\u2019Outil de visualisation des donn\u00e9es 2.0 vous permet d\u2019examiner les donn\u00e9es de la fa\u00e7on qui vous convient le mieux et la plus pertinente pour votre entreprise.<\/p>\n<p>L\u2019Outil de visualisation des donn\u00e9es 2.0 couvre des sujets tels que :<\/p>\n<ul>\n<li data-gc-list-depth=\"1\" data-gc-list-style=\"bullet\">Le nombre de v\u00e9hicules sur les routes canadiennes<\/li>\n<li data-gc-list-depth=\"1\" data-gc-list-style=\"bullet\">La fr\u00e9quence \u00e0 laquelle est fait l\u2019entretien des v\u00e9hicules<\/li>\n<li data-gc-list-depth=\"1\" data-gc-list-style=\"bullet\">La fa\u00e7on dont le march\u00e9 secondaire s\u2019est comport\u00e9 pendant et apr\u00e8s la pand\u00e9mie<\/li>\n<li data-gc-list-depth=\"1\" data-gc-list-style=\"bullet\">Et plus encore!<\/li>\n<\/ul>\n<p>Avec une interface conviviale, vous serez en mesure d\u2019obtenir les informations dont vous avez besoin pour faire des choix strat\u00e9giques pour les ann\u00e9es \u00e0 venir. Avertissement : Ce fichier Excel de Microsoft utilise des macros. AIA Canada a fait preuve de vigilance pour s\u2019assurer que ce fichier ne contient aucun code nuisible ou malveillant. Nous recommandons \u00e0 tous les utilisateurs de s\u2019assurer qu\u2019ils disposent d\u2019un logiciel antivirus mis \u00e0 jour qui est \u00e9galement capable d\u2019analyser les macros de Microsoft Office.<\/p>\n","protected":false},"excerpt":{"rendered":"<p>Cet outil interactif accompagne l\u2019\u00c9tude des perspectives 2022. Il permet \u00e0 l\u2019utilisateur de donner un sens aux donn\u00e9es en lui permettant de : Passer rapidement en revue de multiples points de donn\u00e9es Comparer les valeurs d\u2019une ann\u00e9e \u00e0 l\u2019autre Isoler les donn\u00e9es de diff\u00e9rentes r\u00e9gions du Canada Et plus encore! Con\u00e7u \u00e0 l\u2019aide d\u2019un fichier [&hellip;]<\/p>\n","protected":false},"featured_media":7514,"template":"","meta":{"_acf_changed":false},"product_brand":[],"product_cat":[103],"product_tag":[],"class_list":{"0":"post-7513","1":"product","2":"type-product","3":"status-publish","4":"has-post-thumbnail","6":"product_cat-outils-de-lindustrie","8":"first","9":"instock","10":"downloadable","11":"virtual","12":"sold-individually","13":"taxable","14":"product-type-simple"},"acf":[],"aioseo_notices":[],"wpml_current_locale":"fr_CA","wpml_translations":[],"_links":{"self":[{"href":"https:\/\/www.aiacanada.com\/fr\/wp-json\/wp\/v2\/product\/7513","targetHints":{"allow":["GET"]}}],"collection":[{"href":"https:\/\/www.aiacanada.com\/fr\/wp-json\/wp\/v2\/product"}],"about":[{"href":"https:\/\/www.aiacanada.com\/fr\/wp-json\/wp\/v2\/types\/product"}],"wp:featuredmedia":[{"embeddable":true,"href":"https:\/\/www.aiacanada.com\/fr\/wp-json\/wp\/v2\/media\/7514"}],"wp:attachment":[{"href":"https:\/\/www.aiacanada.com\/fr\/wp-json\/wp\/v2\/media?parent=7513"}],"wp:term":[{"taxonomy":"product_brand","embeddable":true,"href":"https:\/\/www.aiacanada.com\/fr\/wp-json\/wp\/v2\/product_brand?post=7513"},{"taxonomy":"product_cat","embeddable":true,"href":"https:\/\/www.aiacanada.com\/fr\/wp-json\/wp\/v2\/product_cat?post=7513"},{"taxonomy":"product_tag","embeddable":true,"href":"https:\/\/www.aiacanada.com\/fr\/wp-json\/wp\/v2\/product_tag?post=7513"}],"curies":[{"name":"wp","href":"https:\/\/api.w.org\/{rel}","templated":true}]}}